{"id":5423,"date":"2018-06-22T15:04:31","date_gmt":"2018-06-22T15:04:31","guid":{"rendered":"https:\/\/forexrev.pl\/?page_id=5423"},"modified":"2019-07-22T13:55:55","modified_gmt":"2019-07-22T13:55:55","slug":"jak-zostac-klientem-profesjonalnym-forex-cfd","status":"publish","type":"page","link":"https:\/\/forexrev.com\/pl\/jak-zostac-klientem-profesjonalnym-forex-cfd\/","title":{"rendered":"Jak zosta\u0107 klientem profesjonalnym Forex\/CFD"},"content":{"rendered":"<p><img decoding=\"async\" class=\"aligncenter size-full wp-image-5429\" src=\"https:\/\/forexrev.pl\/wp-content\/uploads\/2018\/06\/klient-profesjonalny-forex.jpg\" alt=\"jak zosta\u0107 klientem profesjonalnym\" width=\"700\" height=\"260\" srcset=\"https:\/\/forexrev.com\/wp-content\/uploads\/2018\/06\/klient-profesjonalny-forex.jpg 700w, https:\/\/forexrev.com\/wp-content\/uploads\/2018\/06\/klient-profesjonalny-forex-300x111.jpg 300w\" sizes=\"(max-width: 700px) 100vw, 700px\" \/><\/p>\n<h1>Jak zosta\u0107 klientem profesjonalnym Forex\/CFD<\/h1>\n<hr>\n<p>Dyrektywa <a href=\"\/mifid-ii-oraz-interwencja-esma-podsumowanie\/\" target=\"_blank\" rel=\"noopener\">MiFID II i interwencja produktowa ESMA<\/a> wprowadzi\u0142y sporo zmian dla klient\u00f3w detalicznych, a jedn\u0105 z najwa\u017cniejszych i najbardziej &#8222;doskwieraj\u0105cych&#8221; traderom jest ograniczenie maksymalnej d\u017awigni dla kontrakt\u00f3w <a href=\"\/czym-jest-cfd-contract-for-difference\/\" class=\"ilgen\">CFD<\/a>. Wszystko w celu ochrony inwestor\u00f3w. Co jednak w przypadku, gdy inwestor jest \u015bwiadomy ryzyka i chce mimo wszystko korzysta\u0107 z wy\u017cszej d\u017awigni?<\/p>\n<p>W\u00f3wczas na pomoc przychodzi <strong>status klienta profesjonalnego<\/strong>, kt\u00f3rego nie dotycz\u0105 ograniczenia wprowadzone przez ESMA. Wystarczy zmieni\u0107 swoj\u0105 klasyfikacj\u0119 u brokera Forex\/CFD.<\/p>\n<h2>Klient profesjonalny &#8211; wady i zalety<\/h2>\n<p>Uzyskanie statusu klienta profesjonalnego u brokera forex pozwala na <strong>omini\u0119cie ograniczenia maksymalnej d\u017awigni<\/strong>. Tym samym zale\u017cnie od brokera otrzymujemy dost\u0119p do du\u017co wi\u0119kszego lewaru, kt\u00f3ry mo\u017ce wynie\u015b\u0107 nawet 500:1.<\/p>\n<p>Z drugiej jednak strony jako klient profesjonalny <strong>tracimy obowi\u0105zkow\u0105 ochron\u0119 przed ujemnym saldem<\/strong>, kt\u00f3ra jest przewidziana dla klient\u00f3w detalicznych. Znaczy to, \u017ce nasz handel staje si\u0119 du\u017co bardziej ryzykowny, a my (szczeg\u00f3lnie przy wysokiej d\u017awigni) nara\u017camy si\u0119 na wygenerowanie debetu na naszym rachunku inwestycyjnym. Warto pami\u0119ta\u0107, \u017ce cz\u0119\u015b\u0107 broker\u00f3w oferuje ochron\u0119 przed ujemnym saldem r\u00f3wnie\u017c dla klient\u00f3w profesjonalnych.<\/p>\n<h2>Jak zosta\u0107 klientem profesjonalnym<\/h2>\n<p>ESMA wprowadzi\u0142a okre\u015blone zasady, kt\u00f3re musi spe\u0142ni\u0107 ka\u017cdy trader, by ubiega\u0107 si\u0119 o status klient profesjonalnego. Dotycz\u0105 one wszystkich broker\u00f3w podlegaj\u0105cych pod nadz\u00f3r ESMA, czyli dzia\u0142aj\u0105cych na terenie Unii Europejskiej.<\/p>\n<p><strong>Nale\u017cy spe\u0142ni\u0107 dwa z trzech kryteri\u00f3w<\/strong>:<\/p>\n<ol>\n<li><strong>Zawarcie transakcji&nbsp;o znacznej warto\u015bci, co najmniej 10 razy na kwarta\u0142 w ci\u0105gu czterech ostatnich kwarta\u0142\u00f3w<\/strong>. Znaczna warto\u015b\u0107 jest r\u00f3\u017cnie rozumiana przez r\u00f3\u017cnych broker\u00f3w i waha si\u0119 w granicach 40-50 tys. euro (warto\u015b\u0107 tak\u0105 mo\u017cna osi\u0105gn\u0105\u0107 np. po zawarciu 10 transakcji o nominale 0,4-0,5 lota na parze EURUSD).<\/li>\n<li><strong>Zarz\u0105dzanie&nbsp;portfelem inwestycyjnym o r\u00f3wnowarto\u015bci 500 000 EUR<\/strong>&nbsp;lub wi\u0119cej.<\/li>\n<li><strong>Praca w sektorze finansowym przez co najmniej rok&nbsp;<\/strong>na stanowisku, kt\u00f3re wymaga wiedzy zawodowej dotycz\u0105cej transakcji w zakresie instrument\u00f3w finansowych lub us\u0142ug maklerskich (do potwierdzenia umiej\u0119tno\u015bci wystarczy CV).<\/li>\n<\/ol>\n<p>Uwaga, od 4 sierpnia KNF wprowadzi\u0142o <a href=\"\/status-klienta-profesjonalnego-prawie-nieosiagalny-wytyczne-knf\/\" target=\"_blank\" rel=\"noopener\">indywidualn\u0105 interpretacj\u0119 pierwszego z powy\u017cszych warunk\u00f3w<\/a>. <strong>Interpretacja tego warunku przez polskiego regulatora zak\u0142ada, \u017ce warto\u015b\u0107 transakcyjna, w tym wypadku 50 000 EUR, odnosi si\u0119 do kwoty przed uwzgl\u0119dnieniem lewarowania.<\/strong><\/p>\n<h3>Jak to wygl\u0105da w praktyce?<\/h3>\n<ol>\n<li><strong>Zawarcie transakcji&nbsp;o znacznej warto\u015bci, co najmniej 10 razy na kwarta\u0142 w ci\u0105gu czterech ostatnich kwarta\u0142\u00f3w<\/strong>.<br \/>\nJe\u015bli posiadasz u danego brokera konto z sensownymi obrotami i kilku\/kilkunasto miesi\u0119czn\u0105 histori\u0105, prawdopodobnie brokera nie poprosi o dodatkowe dowody potwierdzaj\u0105cy spe\u0142nienie warunk\u00f3w, nawet je\u015bli nie do ko\u0144ca spe\u0142niasz liczbowe warto\u015bci obrotu. Jednak w momencie gdy handlujesz u danego brokera mikrolotami lub niewielkimi zleceniami, w\u00f3wczas b\u0119dziesz musia\u0142 przedstawi\u0107 dow\u00f3d w postaci wyci\u0105gu od innego brokera.<\/li>\n<li><strong>Zarz\u0105dzanie&nbsp;portfelem inwestycyjnym o r\u00f3wnowarto\u015bci 500 000 EUR.<br \/>\n<\/strong>W tym wypadku nie chodzi o \u015brodki zdeponowane u brokera, a o og\u00f3\u0142 aktyw\u00f3w, kt\u00f3re posiadasz. Mog\u0105 to by\u0107 dla przyk\u0142adu akcje, got\u00f3wka, obligacje czy <a href=\"\/czym-jest-fundusz-inwestycyjny\/\" class=\"ilgen\">fundusze inwestycyjne<\/a>. Broker nie uwzgl\u0119dni natomiast aktyw\u00f3w &#8222;niehandlowych&#8221; takich jak nieruchomo\u015bci, samochody czy obrazy.<br \/>\nW praktyce je\u015bli podczas zak\u0142adania konta zadeklarowa\u0142e\u015b wysokie zarobki lub oszcz\u0119dno\u015bci, a Tw\u00f3j depozyt b\u0119dzie wystarczaj\u0105co wysoki, broker prawdopodobnie nie b\u0119dzie wymaga\u0142 dokument\u00f3w potwierdzaj\u0105cych wysoko\u015b\u0107 Twoich aktyw\u00f3w.<\/li>\n<li><strong>Praca w sektorze finansowym przez co najmniej rok.<br \/>\n<\/strong>W&nbsp;tym wypadku brokerzy nie do ko\u0144ca maj\u0105 narz\u0119dzia do weryfikacji Twojej deklaracji. Nie s\u0105 w stanie sprawdzi\u0107 czy pracowa\u0142e\u015b w firmie, kt\u00f3r\u0105 poda\u0142e\u015b oraz jak d\u0142ugo tam pracowa\u0142e\u015b. Je\u015bli nie masz 20 lat i nie wska\u017cesz kilkuletniego do\u015bwiadczenia w bran\u017cy, prawdopodobnie ten warunek zostanie spe\u0142niony. Niekt\u00f3rzy brokerzy zaliczaj\u0105 do do\u015bwiadczenia r\u00f3wnie\u017c trading na rynku Forex.<\/li>\n<\/ol>\n<p><strong>By z\u0142o\u017cy\u0107 wniosek o zmian\u0119 kwalifikacji na klienta profesjonalnego wystarczy zalogowa\u0107 si\u0119 do panelu klienta u swojego brokera. Wi\u0119kszo\u015b\u0107 z nich od razu udost\u0119pnia w nim ankiet\u0119 do wype\u0142nienia. Je\u015bli nie znajdziesz takiej opcji u siebie, skontaktuj si\u0119 z supportem brokera.&nbsp;<\/strong><\/p>\n<p>Pami\u0119taj, \u017ce zostaj\u0105c klientem profesjonalnym zwi\u0119kszasz ryzyko utraty kapita\u0142u (wy\u017csza d\u017awignia i brak ochrony przed saldem ujemnym), dlatego zdecyduj si\u0119 na ten krok je\u015bli naprawd\u0119 jeste\u015b \u015bwiadom tego ryzyka.<\/p>\n<h2>Rozwi\u0105zanie alternatywne &#8211; Brokerzy spoza Unii Europejskiej<\/h2>\n<p>Cz\u0119\u015b\u0107 trader\u00f3w postanowi\u0142a omin\u0105\u0107 ograniczenia ESMA i skorzysta\u0107 z us\u0142ug broker\u00f3w dzia\u0142aj\u0105cego poza UE. Warto zwr\u00f3ci\u0107 uwag\u0119 na kilka szczeg\u00f3\u0142\u00f3w decyduj\u0105c si\u0119 na taki krok.<\/p>\n<ol>\n<li><strong>Odpowiednia jurysdykcja<\/strong><br \/>\nUnikaj broker\u00f3w zarejestrowanych w rajach podatkowych oraz ma\u0142ych, podejrzanych jurysdykcjach. Zwr\u00f3\u0107 uwag\u0119 na wysoko rozwini\u0119te kraje.<\/li>\n<li><strong>S\u0142absza ochrona<\/strong><br \/>\nHandluj\u0105c u brokera spoza UE musisz pami\u0119ta\u0107, \u017ce du\u017co trudniej b\u0119dzie Ci dochodzi\u0107 swoich praw, chocia\u017cby ze wzgl\u0119du na odleg\u0142o\u015b\u0107. Ponadto cz\u0119\u015b\u0107 narodowych funduszy chroni\u0105cych inwestor\u00f3w przed niewyp\u0142acalno\u015bci\u0105 brokera jest tak skonstruowana, \u017ce nie chroni\u0105 one trader\u00f3w z innych jurysdykcji.<\/li>\n<\/ol>\n<p><strong>Jednym ze sprawdzonych broker\u00f3w niepodlegaj\u0105cych ograniczeniom ESMA jest <a href=\"\/forex\/ic-markets\/\">IC Markets z Australii<\/a>. W naszym portalu dost\u0119pni s\u0105 r\u00f3wnie\u017c inni <a href=\"\/brokerzy-spoza-ue\/\" target=\"_blank\" rel=\"noopener\">brokerzy spoza UE<\/a>.<\/strong><\/p>\n<p>B\u0119dziemy wdzi\u0119czni za wszelkie doniesienia na temat praktycznego przebiegu zmiany klasyfikacji na tradera profesjonalnego. Pomo\u017ce nam to utrzymywa\u0107 ten w\u0105tek ci\u0105gle aktualnym. Prosimy o kierowanie swoich opinii i do\u015bwiadcze\u0144 na kontakt@forexrev.pl.<\/p>\n","protected":false},"excerpt":{"rendered":"<p>Jak zosta&#263; klientem profesjonalnym Forex\/CFD Dyrektywa MiFID II i interwencja produktowa ESMA wprowadzi&#322;y sporo zmian dla klient&oacute;w detalicznych, a jedn&#261; z najwa&#380;niejszych i najbardziej &bdquo;doskwieraj&#261;cych&rdquo; traderom jest ograniczenie maksymalnej d&#378;wigni dla kontrakt&oacute;w CFD. Wszystko w celu ochrony inwestor&oacute;w. Co jednak &hellip; <a href=\"https:\/\/forexrev.com\/pl\/jak-zostac-klientem-profesjonalnym-forex-cfd\/\">Continue reading <span class=\"meta-nav\">&rarr;<\/span><\/a><\/p>\n","protected":false},"author":1,"featured_media":0,"parent":0,"menu_order":0,"comment_status":"closed","ping_status":"closed","template":"pagesidebar-page.php","meta":{"_acf_changed":false,"footnotes":""},"class_list":["post-5423","page","type-page","status-publish"],"acf":[],"rankMath":{"parentDomain":"forexrev.com","noFollowDomains":[],"noFollowExcludeDomains":[],"noFollowExternalLinks":false,"featuredImageNotice":"Prezentowany obraz powinien mie\u0107 co najmniej 200 na 200 pikseli, aby m\u00f3g\u0142 go pobra\u0107 Facebook i inne serwisy spo\u0142eczno\u015bciowe.","pluginReviewed":false,"postSettings":{"linkSuggestions":true,"useFocusKeyword":false},"frontEndScore":false,"postName":"jak-zostac-klientem-profesjonalnym-forex-cfd","permalinkFormat":"https:\/\/forexrev.com\/pl\/%pagename%\/","showLockModifiedDate":true,"assessor":{"focusKeywordLink":"https:\/\/forexrev.com\/wp-admin\/edit.php?focus_keyword=%focus_keyword%&post_type=%post_type%","hasTOCPlugin":{"easy-table-of-contents\/easy-table-of-contents.php":"Easy Table of Contents"},"primaryTaxonomy":false,"serpData":{"title":"","description":"Klienta profesjonalnego nie dotycz\u0105 ograniczenia wprowadzone przez ESMA i mo\u017ce on handlowa\u0107 z wy\u017csz\u0105 d\u017awigni\u0105, jednak kosztem mniejszych zabezpiecze\u0144.","focusKeywords":"","pillarContent":false,"canonicalUrl":"","breadcrumbTitle":"","advancedRobots":{"max-snippet":"-1","max-video-preview":"-1","max-image-preview":"large"},"facebookTitle":"","facebookDescription":"","facebookImage":"","facebookImageID":"","facebookHasOverlay":false,"facebookImageOverlay":"","facebookAuthor":"","twitterCardType":"","twitterUseFacebook":true,"twitterTitle":"","twitterDescription":"","twitterImage":"","twitterImageID":"","twitterHasOverlay":false,"twitterImageOverlay":"","twitterPlayerUrl":"","twitterPlayerSize":"","twitterPlayerStream":"","twitterPlayerStreamCtype":"","twitterAppDescription":"","twitterAppIphoneName":"","twitterAppIphoneID":"","twitterAppIphoneUrl":"","twitterAppIpadName":"","twitterAppIpadID":"","twitterAppIpadUrl":"","twitterAppGoogleplayName":"","twitterAppGoogleplayID":"","twitterAppGoogleplayUrl":"","twitterAppCountry":"","robots":{"index":true,"":true},"twitterAuthor":"u\u017cytkownik","primaryTerm":0,"authorName":"Albert Czajkowski","titleTemplate":"%title% | ForexRev.com \u00ae","descriptionTemplate":"%excerpt%","showScoreFrontend":true,"lockModifiedDate":false},"powerWords":[],"diacritics":{"A":"[\\u0041\\u24B6\\uFF21\\u00C0\\u00C1\\u00C2\\u1EA6\\u1EA4\\u1EAA\\u1EA8\\u00C3\\u0100\\u0102\\u1EB0\\u1EAE\\u1EB4\\u1EB2\\u0226\\u01E0\\u00C4\\u01DE\\u1EA2\\u00C5\\u01FA\\u01CD\\u0200\\u0202\\u1EA0\\u1EAC\\u1EB6\\u1E00\\u0104\\u023A\\u2C6F]","AA":"[\\uA732]","AE":"[\\u00C6\\u01FC\\u01E2]","AO":"[\\uA734]","AU":"[\\uA736]","AV":"[\\uA738\\uA73A]","AY":"[\\uA73C]","B":"[\\u0042\\u24B7\\uFF22\\u1E02\\u1E04\\u1E06\\u0243\\u0182\\u0181]","C":"[\\u0043\\u24B8\\uFF23\\u0106\\u0108\\u010A\\u010C\\u00C7\\u1E08\\u0187\\u023B\\uA73E]","D":"[\\u0044\\u24B9\\uFF24\\u1E0A\\u010E\\u1E0C\\u1E10\\u1E12\\u1E0E\\u0110\\u018B\\u018A\\u0189\\uA779]","DZ":"[\\u01F1\\u01C4]","Dz":"[\\u01F2\\u01C5]","E":"[\\u0045\\u24BA\\uFF25\\u00C8\\u00C9\\u00CA\\u1EC0\\u1EBE\\u1EC4\\u1EC2\\u1EBC\\u0112\\u1E14\\u1E16\\u0114\\u0116\\u00CB\\u1EBA\\u011A\\u0204\\u0206\\u1EB8\\u1EC6\\u0228\\u1E1C\\u0118\\u1E18\\u1E1A\\u0190\\u018E]","F":"[\\u0046\\u24BB\\uFF26\\u1E1E\\u0191\\uA77B]","G":"[\\u0047\\u24BC\\uFF27\\u01F4\\u011C\\u1E20\\u011E\\u0120\\u01E6\\u0122\\u01E4\\u0193\\uA7A0\\uA77D\\uA77E]","H":"[\\u0048\\u24BD\\uFF28\\u0124\\u1E22\\u1E26\\u021E\\u1E24\\u1E28\\u1E2A\\u0126\\u2C67\\u2C75\\uA78D]","I":"[\\u0049\\u24BE\\uFF29\\u00CC\\u00CD\\u00CE\\u0128\\u012A\\u012C\\u0130\\u00CF\\u1E2E\\u1EC8\\u01CF\\u0208\\u020A\\u1ECA\\u012E\\u1E2C\\u0197]","J":"[\\u004A\\u24BF\\uFF2A\\u0134\\u0248]","K":"[\\u004B\\u24C0\\uFF2B\\u1E30\\u01E8\\u1E32\\u0136\\u1E34\\u0198\\u2C69\\uA740\\uA742\\uA744\\uA7A2]","L":"[\\u004C\\u24C1\\uFF2C\\u013F\\u0139\\u013D\\u1E36\\u1E38\\u013B\\u1E3C\\u1E3A\\u0141\\u023D\\u2C62\\u2C60\\uA748\\uA746\\uA780]","LJ":"[\\u01C7]","Lj":"[\\u01C8]","M":"[\\u004D\\u24C2\\uFF2D\\u1E3E\\u1E40\\u1E42\\u2C6E\\u019C]","N":"[\\u004E\\u24C3\\uFF2E\\u01F8\\u0143\\u00D1\\u1E44\\u0147\\u1E46\\u0145\\u1E4A\\u1E48\\u0220\\u019D\\uA790\\uA7A4]","NJ":"[\\u01CA]","Nj":"[\\u01CB]","O":"[\\u004F\\u24C4\\uFF2F\\u00D2\\u00D3\\u00D4\\u1ED2\\u1ED0\\u1ED6\\u1ED4\\u00D5\\u1E4C\\u022C\\u1E4E\\u014C\\u1E50\\u1E52\\u014E\\u022E\\u0230\\u00D6\\u022A\\u1ECE\\u0150\\u01D1\\u020C\\u020E\\u01A0\\u1EDC\\u1EDA\\u1EE0\\u1EDE\\u1EE2\\u1ECC\\u1ED8\\u01EA\\u01EC\\u00D8\\u01FE\\u0186\\u019F\\uA74A\\uA74C]","OI":"[\\u01A2]","OO":"[\\uA74E]","OU":"[\\u0222]","P":"[\\u0050\\u24C5\\uFF30\\u1E54\\u1E56\\u01A4\\u2C63\\uA750\\uA752\\uA754]","Q":"[\\u0051\\u24C6\\uFF31\\uA756\\uA758\\u024A]","R":"[\\u0052\\u24C7\\uFF32\\u0154\\u1E58\\u0158\\u0210\\u0212\\u1E5A\\u1E5C\\u0156\\u1E5E\\u024C\\u2C64\\uA75A\\uA7A6\\uA782]","S":"[\\u0053\\u24C8\\uFF33\\u1E9E\\u015A\\u1E64\\u015C\\u1E60\\u0160\\u1E66\\u1E62\\u1E68\\u0218\\u015E\\u2C7E\\uA7A8\\uA784]","T":"[\\u0054\\u24C9\\uFF34\\u1E6A\\u0164\\u1E6C\\u021A\\u0162\\u1E70\\u1E6E\\u0166\\u01AC\\u01AE\\u023E\\uA786]","TZ":"[\\uA728]","U":"[\\u0055\\u24CA\\uFF35\\u00D9\\u00DA\\u00DB\\u0168\\u1E78\\u016A\\u1E7A\\u016C\\u00DC\\u01DB\\u01D7\\u01D5\\u01D9\\u1EE6\\u016E\\u0170\\u01D3\\u0214\\u0216\\u01AF\\u1EEA\\u1EE8\\u1EEE\\u1EEC\\u1EF0\\u1EE4\\u1E72\\u0172\\u1E76\\u1E74\\u0244]","V":"[\\u0056\\u24CB\\uFF36\\u1E7C\\u1E7E\\u01B2\\uA75E\\u0245]","VY":"[\\uA760]","W":"[\\u0057\\u24CC\\uFF37\\u1E80\\u1E82\\u0174\\u1E86\\u1E84\\u1E88\\u2C72]","X":"[\\u0058\\u24CD\\uFF38\\u1E8A\\u1E8C]","Y":"[\\u0059\\u24CE\\uFF39\\u1EF2\\u00DD\\u0176\\u1EF8\\u0232\\u1E8E\\u0178\\u1EF6\\u1EF4\\u01B3\\u024E\\u1EFE]","Z":"[\\u005A\\u24CF\\uFF3A\\u0179\\u1E90\\u017B\\u017D\\u1E92\\u1E94\\u01B5\\u0224\\u2C7F\\u2C6B\\uA762]","a":"[\\u0061\\u24D0\\uFF41\\u1E9A\\u00E0\\u00E1\\u00E2\\u1EA7\\u1EA5\\u1EAB\\u1EA9\\u00E3\\u0101\\u0103\\u1EB1\\u1EAF\\u1EB5\\u1EB3\\u0227\\u01E1\\u00E4\\u01DF\\u1EA3\\u00E5\\u01FB\\u01CE\\u0201\\u0203\\u1EA1\\u1EAD\\u1EB7\\u1E01\\u0105\\u2C65\\u0250]","aa":"[\\uA733]","ae":"[\\u00E6\\u01FD\\u01E3]","ao":"[\\uA735]","au":"[\\uA737]","av":"[\\uA739\\uA73B]","ay":"[\\uA73D]","b":"[\\u0062\\u24D1\\uFF42\\u1E03\\u1E05\\u1E07\\u0180\\u0183\\u0253]","c":"[\\u0063\\u24D2\\uFF43\\u0107\\u0109\\u010B\\u010D\\u00E7\\u1E09\\u0188\\u023C\\uA73F\\u2184]","d":"[\\u0064\\u24D3\\uFF44\\u1E0B\\u010F\\u1E0D\\u1E11\\u1E13\\u1E0F\\u0111\\u018C\\u0256\\u0257\\uA77A]","dz":"[\\u01F3\\u01C6]","e":"[\\u0065\\u24D4\\uFF45\\u00E8\\u00E9\\u00EA\\u1EC1\\u1EBF\\u1EC5\\u1EC3\\u1EBD\\u0113\\u1E15\\u1E17\\u0115\\u0117\\u00EB\\u1EBB\\u011B\\u0205\\u0207\\u1EB9\\u1EC7\\u0229\\u1E1D\\u0119\\u1E19\\u1E1B\\u0247\\u025B\\u01DD]","f":"[\\u0066\\u24D5\\uFF46\\u1E1F\\u0192\\uA77C]","g":"[\\u0067\\u24D6\\uFF47\\u01F5\\u011D\\u1E21\\u011F\\u0121\\u01E7\\u0123\\u01E5\\u0260\\uA7A1\\u1D79\\uA77F]","h":"[\\u0068\\u24D7\\uFF48\\u0125\\u1E23\\u1E27\\u021F\\u1E25\\u1E29\\u1E2B\\u1E96\\u0127\\u2C68\\u2C76\\u0265]","hv":"[\\u0195]","i":"[\\u0069\\u24D8\\uFF49\\u00EC\\u00ED\\u00EE\\u0129\\u012B\\u012D\\u00EF\\u1E2F\\u1EC9\\u01D0\\u0209\\u020B\\u1ECB\\u012F\\u1E2D\\u0268\\u0131]","j":"[\\u006A\\u24D9\\uFF4A\\u0135\\u01F0\\u0249]","k":"[\\u006B\\u24DA\\uFF4B\\u1E31\\u01E9\\u1E33\\u0137\\u1E35\\u0199\\u2C6A\\uA741\\uA743\\uA745\\uA7A3]","l":"[\\u006C\\u24DB\\uFF4C\\u0140\\u013A\\u013E\\u1E37\\u1E39\\u013C\\u1E3D\\u1E3B\\u017F\\u0142\\u019A\\u026B\\u2C61\\uA749\\uA781\\uA747]","lj":"[\\u01C9]","m":"[\\u006D\\u24DC\\uFF4D\\u1E3F\\u1E41\\u1E43\\u0271\\u026F]","n":"[\\u006E\\u24DD\\uFF4E\\u01F9\\u0144\\u00F1\\u1E45\\u0148\\u1E47\\u0146\\u1E4B\\u1E49\\u019E\\u0272\\u0149\\uA791\\uA7A5]","nj":"[\\u01CC]","o":"[\\u006F\\u24DE\\uFF4F\\u00F2\\u00F3\\u00F4\\u1ED3\\u1ED1\\u1ED7\\u1ED5\\u00F5\\u1E4D\\u022D\\u1E4F\\u014D\\u1E51\\u1E53\\u014F\\u022F\\u0231\\u00F6\\u022B\\u1ECF\\u0151\\u01D2\\u020D\\u020F\\u01A1\\u1EDD\\u1EDB\\u1EE1\\u1EDF\\u1EE3\\u1ECD\\u1ED9\\u01EB\\u01ED\\u00F8\\u01FF\\u0254\\uA74B\\uA74D\\u0275]","oi":"[\\u01A3]","ou":"[\\u0223]","oo":"[\\uA74F]","p":"[\\u0070\\u24DF\\uFF50\\u1E55\\u1E57\\u01A5\\u1D7D\\uA751\\uA753\\uA755]","q":"[\\u0071\\u24E0\\uFF51\\u024B\\uA757\\uA759]","r":"[\\u0072\\u24E1\\uFF52\\u0155\\u1E59\\u0159\\u0211\\u0213\\u1E5B\\u1E5D\\u0157\\u1E5F\\u024D\\u027D\\uA75B\\uA7A7\\uA783]","s":"[\\u0073\\u24E2\\uFF53\\u015B\\u1E65\\u015D\\u1E61\\u0161\\u1E67\\u1E63\\u1E69\\u0219\\u015F\\u023F\\uA7A9\\uA785\\u1E9B]","ss":"[\\u00DF]","t":"[\\u0074\\u24E3\\uFF54\\u1E6B\\u1E97\\u0165\\u1E6D\\u021B\\u0163\\u1E71\\u1E6F\\u0167\\u01AD\\u0288\\u2C66\\uA787]","tz":"[\\uA729]","u":"[\\u0075\\u24E4\\uFF55\\u00F9\\u00FA\\u00FB\\u0169\\u1E79\\u016B\\u1E7B\\u016D\\u00FC\\u01DC\\u01D8\\u01D6\\u01DA\\u1EE7\\u016F\\u0171\\u01D4\\u0215\\u0217\\u01B0\\u1EEB\\u1EE9\\u1EEF\\u1EED\\u1EF1\\u1EE5\\u1E73\\u0173\\u1E77\\u1E75\\u0289]","v":"[\\u0076\\u24E5\\uFF56\\u1E7D\\u1E7F\\u028B\\uA75F\\u028C]","vy":"[\\uA761]","w":"[\\u0077\\u24E6\\uFF57\\u1E81\\u1E83\\u0175\\u1E87\\u1E85\\u1E98\\u1E89\\u2C73]","x":"[\\u0078\\u24E7\\uFF58\\u1E8B\\u1E8D]","y":"[\\u0079\\u24E8\\uFF59\\u1EF3\\u00FD\\u0177\\u1EF9\\u0233\\u1E8F\\u00FF\\u1EF7\\u1E99\\u1EF5\\u01B4\\u024F\\u1EFF]","z":"[\\u007A\\u24E9\\uFF5A\\u017A\\u1E91\\u017C\\u017E\\u1E93\\u1E95\\u01B6\\u0225\\u0240\\u2C6C\\uA763]"},"researchesTests":["contentHasTOC","contentHasShortParagraphs","contentHasAssets","keywordInTitle","keywordInMetaDescription","keywordInPermalink","keywordIn10Percent","keywordInContent","keywordInSubheadings","keywordInImageAlt","keywordDensity","keywordNotUsed","lengthContent","lengthPermalink","linksHasInternal","linksHasExternals","linksNotAllExternals","titleStartWithKeyword","titleSentiment","titleHasPowerWords","titleHasNumber","hasContentAI"],"hasRedirection":false,"hasBreadcrumb":false},"homeUrl":"https:\/\/forexrev.com\/pl\/","objectID":5423,"objectType":"post","locale":"pl","localeFull":"pl_PL","overlayImages":{"play":{"name":"Ikona PLAY","url":"https:\/\/forexrev.com\/wp-content\/plugins\/seo-by-rank-math\/assets\/admin\/img\/icon-play.png","path":"\/home\/klient.dhosting.pl\/revgroup\/forexrev.com\/new\/public_html\/wp-content\/plugins\/seo-by-rank-math\/assets\/admin\/img\/icon-play.png","position":"middle_center"},"gif":{"name":"Ikona GIF","url":"https:\/\/forexrev.com\/wp-content\/plugins\/seo-by-rank-math\/assets\/admin\/img\/icon-gif.png","path":"\/home\/klient.dhosting.pl\/revgroup\/forexrev.com\/new\/public_html\/wp-content\/plugins\/seo-by-rank-math\/assets\/admin\/img\/icon-gif.png","position":"middle_center"}},"defautOgImage":"https:\/\/forexrev.com\/wp-content\/plugins\/seo-by-rank-math\/assets\/admin\/img\/social-placeholder.jpg","customPermalinks":true,"isUserRegistered":true,"autoSuggestKeywords":true,"connectSiteUrl":"https:\/\/rankmath.com\/auth?site=https%3A%2F%2Fforexrev.com%2Fpl%2F&r=https%3A%2F%2Fforexrev.com%2Fpl%2Fwp-json%2Fwp%2Fv2%2Fpages%2F5423%3Fnonce%3Dd85a1adf6a","maxTags":5,"trendsIcon":"<svg viewBox=\"0 0 610 610\"><path d=\"M18.85,446,174.32,290.48l58.08,58.08L76.93,504a14.54,14.54,0,0,1-20.55,0L18.83,466.48a14.54,14.54,0,0,1,0-20.55Z\" style=\"fill:#4285f4\"\/><path d=\"M242.65,242.66,377.59,377.6l-47.75,47.75a14.54,14.54,0,0,1-20.55,0L174.37,290.43l47.75-47.75A14.52,14.52,0,0,1,242.65,242.66Z\" style=\"fill:#ea4335\"\/><polygon points=\"319.53 319.53 479.26 159.8 537.34 217.88 377.61 377.62 319.53 319.53\" style=\"fill:#fabb05\"\/><path d=\"M594.26,262.73V118.61h0a16.94,16.94,0,0,0-16.94-16.94H433.2a16.94,16.94,0,0,0-12,28.92L565.34,274.71h0a16.94,16.94,0,0,0,28.92-12Z\" style=\"fill:#34a853\"\/><rect width=\"610\" height=\"610\" style=\"fill:none\"\/><\/svg>","showScore":true,"siteFavIcon":"data:image\/png;base64,iVBORw0KGgoAAAANSUhEUgAAABAAAAAQCAYAAAAf8\/9hAAABs0lEQVR4AWL4\/\/8\/RRjO8Iucx+noO0MWUDo16FYABMGP6ZfUcRnWtm27jVPbtm3bttuH2t3eFPcY9pLz7NxiLjCyVd87pKnHyqXyxtCs8APd0rnyxiu4qSeA3QEDrAwBDrT1s1Rc\/OrjLZwqVmOSu6+Lamcpp2KKMA9PH1BYXMe1mUP5qotvXTywsOEEYHXxrY+3cqk6TMkYpNr2FeoY3KIr0RPtn9wQ2unlA+GMkRw6+9TFw4YTwDUzx\/JVvARj9KaedXRO8P5B1Du2S32smzqUrcKGEyA+uAgQjKX7zf0boWHGfn71jIKj2689gxp7OAGShNcBUmLMPVjZuiKcA2vuWHHDCQxMCz629kXAIU4ApY15QwggAFbfOP9DhgBJ+nWVJ1AZAfICAj1pAlY6hCADZnveQf7bQIwzVONGJonhLIlS9gr5mFg44Xd+4S3XHoGNPdJl1INIwKyEgHckEhgTe1bGiFY9GSFBYUwLh1IkiJUbY407E7syBSFxKTszEoiE\/YdrgCEayDmtaJwCI9uu8TKMuZSVfSa4BpGgzvomBR\/INhLGzrqDotp01ZR8pn\/1L0JN9d9XNyx0AAAAAElFTkSuQmCC","canUser":{"general":false,"advanced":false,"snippet":false,"social":false,"analysis":false,"analytics":false,"content_ai":false},"showKeywordIntent":true,"isPro":false,"is_front_page":false,"trendsUpgradeLink":"https:\/\/rankmath.com\/pricing\/?utm_source=Plugin&utm_medium=CE%20General%20Tab%20Trends&utm_campaign=WP","trendsUpgradeLabel":"Ulepszenie","trendsPreviewImage":"https:\/\/forexrev.com\/wp-content\/plugins\/seo-by-rank-math\/assets\/admin\/img\/trends-preview.jpg","currentEditor":false,"homepageData":{"assessor":{"powerWords":[],"diacritics":true,"researchesTests":["contentHasTOC","contentHasShortParagraphs","contentHasAssets","keywordInTitle","keywordInMetaDescription","keywordInPermalink","keywordIn10Percent","keywordInContent","keywordInSubheadings","keywordInImageAlt","keywordDensity","keywordNotUsed","lengthContent","lengthPermalink","linksHasInternal","linksHasExternals","linksNotAllExternals","titleStartWithKeyword","titleSentiment","titleHasPowerWords","titleHasNumber","hasContentAI"],"hasBreadcrumb":false,"serpData":{"title":"Forex - Opinie o brokerach CFD","description":"Opinie i informacje na temat broker\u00f3w Forex \/ CFD. Dane, statystki, opinie, forum, oceny. Wszystko co musisz wiedzie\u0107 na temat broker\u00f3w.","titleTemplate":"%sitename% %page% %sep% %sitedesc%","descriptionTemplate":"","focusKeywords":"","breadcrumbTitle":"Home","robots":{"index":true},"advancedRobots":{"max-snippet":"-1","max-video-preview":"-1","max-image-preview":"large"},"facebookTitle":"","facebookDescription":"","facebookImage":"","facebookImageID":""}}}},"_links":{"self":[{"href":"https:\/\/forexrev.com\/pl\/wp-json\/wp\/v2\/pages\/5423","targetHints":{"allow":["GET"]}}],"collection":[{"href":"https:\/\/forexrev.com\/pl\/wp-json\/wp\/v2\/pages"}],"about":[{"href":"https:\/\/forexrev.com\/pl\/wp-json\/wp\/v2\/types\/page"}],"author":[{"embeddable":true,"href":"https:\/\/forexrev.com\/pl\/wp-json\/wp\/v2\/users\/1"}],"replies":[{"embeddable":true,"href":"https:\/\/forexrev.com\/pl\/wp-json\/wp\/v2\/comments?post=5423"}],"version-history":[{"count":18,"href":"https:\/\/forexrev.com\/pl\/wp-json\/wp\/v2\/pages\/5423\/revisions"}],"predecessor-version":[{"id":13612,"href":"https:\/\/forexrev.com\/pl\/wp-json\/wp\/v2\/pages\/5423\/revisions\/13612"}],"wp:attachment":[{"href":"https:\/\/forexrev.com\/pl\/wp-json\/wp\/v2\/media?parent=5423"}],"curies":[{"name":"wp","href":"https:\/\/api.w.org\/{rel}","templated":true}]}}