{"id":8018,"date":"2019-01-09T09:45:57","date_gmt":"2019-01-09T09:45:57","guid":{"rendered":"https:\/\/forexrev.pl\/?page_id=8018"},"modified":"2019-01-22T09:52:24","modified_gmt":"2019-01-22T09:52:24","slug":"agregaty-pieniezne-m0-m1-m2-m3","status":"publish","type":"page","link":"https:\/\/forexrev.com\/pl\/agregaty-pieniezne-m0-m1-m2-m3\/","title":{"rendered":"Agregaty pieni\u0119\u017cne (M0, M1, M2, M3)"},"content":{"rendered":"<h1>Agregaty pieni\u0119\u017cne (M0, M1, M2, M3)<\/h1>\n<h2>Czym s\u0105 agregaty pieni\u0119\u017cne?<\/h2>\n<p><strong><a href=\"\/agregaty-pieniezne-m0-m1-m2-m3\/\" class=\"ilgen\">Agregaty pieni\u0119\u017cne<\/a> s\u0105 statystycznym okre\u015bleniem miary ilo\u015bci pieni\u0105dza, kt\u00f3re pozwalaj\u0105 bankom centralnym na okre\u015blenie cel\u00f3w polityki pieni\u0119\u017cnej. Pozwalaj\u0105 one tak\u017ce bankom centralnym okre\u015bla\u0107 cele polityki pieni\u0119\u017cnej i poddawa\u0107 je regularnym ocenom. W rezultacie banki mog\u0105 kontrolowa\u0107 stopie\u0144 obrotu konkretn\u0105 warto\u015bci\u0105 got\u00f3wki \u2013 tak\u017ce na rynku wt\u00f3rnym.<\/strong><\/p>\n<h2>Jak dziel\u0105 si\u0119 agregaty pieni\u0119\u017cne?<\/h2>\n<p>Podzielone s\u0105 one na cztery grupy: M0, M1, M2, M3. Ka\u017cda grupa okre\u015bla pieni\u0105dze pochodz\u0105ce z r\u00f3\u017cnych kategorii.<\/p>\n<h3><strong>Agregat M0<\/strong> \u2013 jaka jest jego charakterystyka?<\/h3>\n<p>Agregat M0 nazywany jest potocznie \u201epieni\u0105dzem wielkiej mocy\u201d, okre\u015blaj\u0105cym najw\u0119\u017csz\u0105 definicj\u0119 pieni\u0105dza. Okre\u015bla on ilo\u015b\u0107 pieni\u0119dzy, kt\u00f3re mog\u0105 by\u0107 u\u017cyte natychmiast do transakcji got\u00f3wkowych.<\/p>\n<h4>Zdefiniowanie za pomoc\u0105 wzoru<\/h4>\n<p>\u0141\u0105czy on w sobie pieni\u0105dz bezgot\u00f3wkowy bank\u00f3w komercyjnych (oznaczenie \u201eR\u201d), znajduj\u0105cy si\u0119 na kontach banku centralnego, oraz pieni\u0105dz got\u00f3wkowy b\u0119d\u0105cy w obiegu poza bankowym (oznaczenie \u201eC\u201d) \u2013 zgodnie z wzorem M0 = R + C.<\/p>\n<h4>Najwa\u017cniejsze elementy agregatu M0<\/h4>\n<p>Do kluczowych element\u00f3w agregatu zaliczymy:<\/p>\n<ul>\n<li>warto\u015b\u0107 rachunk\u00f3w rezerwy obowi\u0105zkowej,<\/li>\n<li>warto\u015b\u0107 rachunk\u00f3w bie\u017c\u0105cych wszystkich bank\u00f3w komercyjnych znajduj\u0105cych si\u0119 w obr\u0119bie dzia\u0142ania banku centralnego, za pomoc\u0105 kt\u00f3rych dokonuje codziennych rozlicze\u0144 z Narodowym Bankiem Polskim (NBP),<\/li>\n<li>warto\u015b\u0107 kr\u0105\u017c\u0105cego w gospodarce pieni\u0105dza got\u00f3wkowego.<\/li>\n<\/ul>\n<h3><strong>Agregat M1<\/strong> \u2013 jaka jest jego charakterystyka?<\/h3>\n<p>Agregat M1 pozwala okre\u015bli\u0107 <a href=\"\/plynnosc-liquidity\/\" class=\"ilgen\">p\u0142ynno\u015b\u0107<\/a> na rynkach finansowych. Uznawany jest on za podstawow\u0105 miar\u0119 poda\u017cy pieni\u0105dza, kt\u00f3ra odpowiada najw\u0119\u017cszej z definicji pieni\u0105dza. Obejmuje on w swojej definicji pieni\u0105dz got\u00f3wkowy, b\u0119d\u0105cy w obiegu poza kasami banku, warto\u015b\u0107 depozyt\u00f3w na \u017c\u0105danie (rachunek a vista) os\u00f3b prywatnych, podmiot\u00f3w gospodarczych, przedsi\u0119biorstw i instytucji finansowych.<\/p>\n<h4>Czym wyr\u00f3\u017cnia si\u0119 agregat M1?<\/h4>\n<p>Jest to przede wszystkim agregat odznaczaj\u0105cy si\u0119 najwy\u017cszym stopniem p\u0142ynno\u015bci w\u015br\u00f3d stosowanych agregat\u00f3w pieni\u0119\u017cnych. Kategoria ta zawiera r\u00f3wnie\u017c depozyty z terminem \u201eover-night\u201d, czyli 24-godzinne.<\/p>\n<h4>Dlaczego agregat M1 nazywany jest bardzo cz\u0119sto pieni\u0105dzem transakcyjnym?<\/h4>\n<p>Przede wszystkim ze wzgl\u0119du na mo\u017cliwo\u015b\u0107 natychmiastowej realizacji transakcji pieni\u0119\u017cnej, np. wykonania przelewu. Ilo\u015b\u0107 pieni\u0119dzy wewn\u0105trz agregatu M1 to warto\u015b\u0107, kt\u00f3ra pozwala realizowa\u0107 transakcje p\u0142atnicze, wysuwaj\u0105c tym samym na pierwszy plan pieni\u0105dz, jako \u015brodek p\u0142atniczy.<\/p>\n<h4>Jakie s\u0105 elementy sk\u0142adowe agregatu M1?<\/h4>\n<p>Obejmuje on przede wszystkim got\u00f3wk\u0119 w obiegu (wy\u0142\u0105czaj\u0105c kasy bankowe, gdzie pieni\u0105dze zamro\u017cone s\u0105 jako rezerwa), a tak\u017ce depozyty bie\u017c\u0105ce, \u0142\u0105cznie z depozytem overnight, czyli gospodarstw domowych, przedsi\u0119biorstw, niemonetarnych instytucji finansowych, instytucji samorz\u0105dowych, funduszy ubezpiecze\u0144 spo\u0142ecznych i instytucji niekomercyjnych dzia\u0142aj\u0105cych na rzecz gospodarstw rz\u0105dowych.<\/p>\n<h3><strong>Agregat M2<\/strong> \u2013 jaka jest jego charakterystyka?<\/h3>\n<p>Agregat M2 uznawany jest za podstawow\u0105 miar\u0119 poda\u017cy pieni\u0105dza na \u015bwiecie. Z\u0142o\u017cony jest on z got\u00f3wki w obiegu i depozyt\u00f3w terminowych w komercyjnych bankach z pierwotnym terminem nie przekraczaj\u0105cym 2 lat, oraz depozyt\u00f3w z terminem wypowiedzenia do 3 miesi\u0119cy, np. weksli czy bon\u00f3w pieni\u0119\u017cnych o charakterze kr\u00f3tkoterminowym.<\/p>\n<h4>Dlaczego agregat M2 charakteryzuje si\u0119 ni\u017csz\u0105 p\u0142ynno\u015bci\u0105 ani\u017celi agregat M1?<\/h4>\n<p>Zwi\u0105zane jest to przede wszystkim z terminowo\u015bci\u0105 zawierania depozyt\u00f3w. Pomimo mo\u017cliwo\u015bci ich zerwania w trakcie, operacja ta wi\u0105\u017ce si\u0119 bardzo cz\u0119sto z utrat\u0105 naliczonych odsetek. Dlatego korzystania z tego rodzaju pieni\u0105dza do regulowania transakcji bie\u017c\u0105cych wi\u0105\u017ce si\u0119 z wy\u017cszymi kosztami, ni\u017c w przypadku agregatu M1.<\/p>\n<h4>Co wchodzi w sk\u0142ad agregatu M2?<\/h4>\n<p>Agregat M2 obejmuje przede wszystkim oszcz\u0119dno\u015bci, kt\u00f3re s\u0105 podstawow\u0105 mo\u017cliwo\u015bci\u0105 kredytow\u0105 sektora bankowego. Agregat ilo\u015bci pieni\u0105dza M2 obejmuje tak\u017ce wk\u0142ady terminowe podmiot\u00f3w gospodarczych, kt\u00f3re \u2013 ze wzgl\u0119du na oprocentowanie \u2013 ulokowane s\u0105 w bankach, a kt\u00f3rych terminy dostosowane s\u0105 do termin\u00f3w przysz\u0142ych zobowi\u0105za\u0144 p\u0142atniczych.<\/p>\n<p><u>Mog\u0105 by\u0107 one traktowane r\u00f3wnie\u017c jako \u015brodek p\u0142atniczy. <\/u><\/p>\n<h4>Zawarto\u015b\u0107 agregatu M2<\/h4>\n<ul>\n<li>depozyty i inne zobowi\u0105zania bank\u00f3w wobec podmiot\u00f3w niebankowych o pocz\u0105tkowym terminie zapadalno\u015bci do 2 lat,<\/li>\n<li>depozyty oszcz\u0119dno\u015bciowe (ze wzgl\u0119du na termin),<\/li>\n<li>kr\u00f3tkoterminowe depozyty w walutach obcych,<\/li>\n<li>wk\u0142ad w bankach i podobnych instytucjach \u2013 p\u0142atne na \u017c\u0105danie, tzw. depozyty bie\u017c\u0105ce,<\/li>\n<li>pieni\u0105dz got\u00f3wkowe, b\u0119d\u0105cy poza zasi\u0119giem sektora bankowego,<\/li>\n<li>niewielkie rachunki terminowe,<\/li>\n<li>jednodniowe umowy odkupu (schemat dzia\u0142ania: <a href=\"\/czym-jest-bank-centralny\/\" class=\"ilgen\">Bank Centralny<\/a> sprzedaje papiery warto\u015bciowe i zobowi\u0105zuje si\u0119 do odkupienia ich dnia nast\u0119pnego po okre\u015blonej cenie),<\/li>\n<li>udzia\u0142y w sp\u00f3\u0142kach lokacyjnych na rynku pieni\u0119\u017cne, czyli depozyty przynosz\u0105ce okre\u015blone procent i pozwalaj\u0105ce wystawia\u0107 czeki na mniejsze ni\u017c ustalono pierwotnie.<\/li>\n<\/ul>\n<h3><strong>Agregat M3<\/strong> \u2013 jaka jest jego charakterystyka?<\/h3>\n<p>Agregat M3 to najszerszy wska\u017anik pomiaru ilo\u015bci pieni\u0105dza w gospodarce. Znacznie szerszy ni\u017c agregat M1 i M2, kt\u00f3re stymuluje.<\/p>\n<h4>Agregat M3 w Polsce, a na \u015bwiecie &#8211; r\u00f3\u017cnice<\/h4>\n<p>Co prawda w Polsce r\u00f3\u017cnic\u0105 mi\u0119dzy agregatem M2, a agregatem M3 jest niewielka. Wynika to przede wszystkim z niskiego oprocentowania lokat bankowych. Z kolei w Wielkiej Brytanii ludzie dzi\u0119ki pos\u0142ugiwaniu si\u0119 mniejsza ilo\u015bci\u0105 got\u00f3wki ni\u017c na kontynencie i w Stanach Zjednoczonych i wi\u0119kszym agregatom posiadaj\u0105 znacznie bardziej rozwini\u0119ty system bankowo\u015bci detalicznej.<\/p>\n<p>W Polsce do agregatu M3 zalicza si\u0119 r\u00f3wnie\u017c pozycje agregatu M2, powi\u0119kszone o operacje z przyrzeczeniem odkupu i d\u0142u\u017cne papiery warto\u015bciowe z terminem pierwotnym do dw\u00f3ch lat w\u0142\u0105cznie.<\/p>\n<h4>Co wchodzi w sk\u0142ad agregatu M3?<\/h4>\n<ul>\n<li>depozyty z terminem wypowiedzenia do 3 miesi\u0119cy w\u0142\u0105cznie,<\/li>\n<li>terminowe umowy odkupu d\u0142u\u017csze ni\u017c 1 dzie\u0144,<\/li>\n<li>pieni\u0105dz got\u00f3wkowy, b\u0119d\u0105ce poza obiegiem sektora bankowego,<\/li>\n<li>depozyty i inne zobowi\u0105zania bank\u00f3w wobec podmiot\u00f3w niebankowych o pocz\u0105tkowym terminie zapadalno\u015bci do 2 lat,<\/li>\n<li>wk\u0142ad w bankach i podobnych instytucjach p\u0142atne na \u017c\u0105danie tzw. bie\u017c\u0105ce depozyty,<\/li>\n<li>d\u0142ugoterminowe depozyty w walutach obcych.<\/li>\n<\/ul>\n","protected":false},"excerpt":{"rendered":"<p>Agregaty pieni&#281;&#380;ne (M0, M1, M2, M3) Czym s&#261; agregaty pieni&#281;&#380;ne? Agregaty pieni&#281;&#380;ne s&#261; statystycznym okre&#347;leniem miary ilo&#347;ci pieni&#261;dza, kt&oacute;re pozwalaj&#261; bankom centralnym na okre&#347;lenie cel&oacute;w polityki pieni&#281;&#380;nej. Pozwalaj&#261; one tak&#380;e bankom centralnym okre&#347;la&#263; cele polityki pieni&#281;&#380;nej i poddawa&#263; je regularnym &hellip; <a href=\"https:\/\/forexrev.com\/pl\/agregaty-pieniezne-m0-m1-m2-m3\/\">Continue reading <span class=\"meta-nav\">&rarr;<\/span><\/a><\/p>\n","protected":false},"author":1,"featured_media":0,"parent":0,"menu_order":0,"comment_status":"closed","ping_status":"closed","template":"pagesidebar-slownik-page.php","meta":{"_acf_changed":false,"footnotes":""},"class_list":["post-8018","page","type-page","status-publish"],"acf":[],"rankMath":{"parentDomain":"forexrev.com","noFollowDomains":[],"noFollowExcludeDomains":[],"noFollowExternalLinks":false,"featuredImageNotice":"Prezentowany obraz powinien mie\u0107 co najmniej 200 na 200 pikseli, aby m\u00f3g\u0142 go pobra\u0107 Facebook i inne serwisy spo\u0142eczno\u015bciowe.","pluginReviewed":false,"postSettings":{"linkSuggestions":true,"useFocusKeyword":false},"frontEndScore":false,"postName":"agregaty-pieniezne-m0-m1-m2-m3","permalinkFormat":"https:\/\/forexrev.com\/pl\/%pagename%\/","showLockModifiedDate":true,"assessor":{"focusKeywordLink":"https:\/\/forexrev.com\/wp-admin\/edit.php?focus_keyword=%focus_keyword%&post_type=%post_type%","hasTOCPlugin":{"easy-table-of-contents\/easy-table-of-contents.php":"Easy Table of Contents"},"primaryTaxonomy":false,"serpData":{"title":"","description":"","focusKeywords":"","pillarContent":false,"canonicalUrl":"","breadcrumbTitle":"","advancedRobots":{"max-snippet":"-1","max-video-preview":"-1","max-image-preview":"large"},"facebookTitle":"","facebookDescription":"","facebookImage":"","facebookImageID":"","facebookHasOverlay":false,"facebookImageOverlay":"","facebookAuthor":"","twitterCardType":"","twitterUseFacebook":true,"twitterTitle":"","twitterDescription":"","twitterImage":"","twitterImageID":"","twitterHasOverlay":false,"twitterImageOverlay":"","twitterPlayerUrl":"","twitterPlayerSize":"","twitterPlayerStream":"","twitterPlayerStreamCtype":"","twitterAppDescription":"","twitterAppIphoneName":"","twitterAppIphoneID":"","twitterAppIphoneUrl":"","twitterAppIpadName":"","twitterAppIpadID":"","twitterAppIpadUrl":"","twitterAppGoogleplayName":"","twitterAppGoogleplayID":"","twitterAppGoogleplayUrl":"","twitterAppCountry":"","robots":{"index":true,"":true},"twitterAuthor":"u\u017cytkownik","primaryTerm":0,"authorName":"Albert Czajkowski","titleTemplate":"%title% | ForexRev.com \u00ae","descriptionTemplate":"%excerpt%","showScoreFrontend":true,"lockModifiedDate":false},"powerWords":[],"diacritics":{"A":"[\\u0041\\u24B6\\uFF21\\u00C0\\u00C1\\u00C2\\u1EA6\\u1EA4\\u1EAA\\u1EA8\\u00C3\\u0100\\u0102\\u1EB0\\u1EAE\\u1EB4\\u1EB2\\u0226\\u01E0\\u00C4\\u01DE\\u1EA2\\u00C5\\u01FA\\u01CD\\u0200\\u0202\\u1EA0\\u1EAC\\u1EB6\\u1E00\\u0104\\u023A\\u2C6F]","AA":"[\\uA732]","AE":"[\\u00C6\\u01FC\\u01E2]","AO":"[\\uA734]","AU":"[\\uA736]","AV":"[\\uA738\\uA73A]","AY":"[\\uA73C]","B":"[\\u0042\\u24B7\\uFF22\\u1E02\\u1E04\\u1E06\\u0243\\u0182\\u0181]","C":"[\\u0043\\u24B8\\uFF23\\u0106\\u0108\\u010A\\u010C\\u00C7\\u1E08\\u0187\\u023B\\uA73E]","D":"[\\u0044\\u24B9\\uFF24\\u1E0A\\u010E\\u1E0C\\u1E10\\u1E12\\u1E0E\\u0110\\u018B\\u018A\\u0189\\uA779]","DZ":"[\\u01F1\\u01C4]","Dz":"[\\u01F2\\u01C5]","E":"[\\u0045\\u24BA\\uFF25\\u00C8\\u00C9\\u00CA\\u1EC0\\u1EBE\\u1EC4\\u1EC2\\u1EBC\\u0112\\u1E14\\u1E16\\u0114\\u0116\\u00CB\\u1EBA\\u011A\\u0204\\u0206\\u1EB8\\u1EC6\\u0228\\u1E1C\\u0118\\u1E18\\u1E1A\\u0190\\u018E]","F":"[\\u0046\\u24BB\\uFF26\\u1E1E\\u0191\\uA77B]","G":"[\\u0047\\u24BC\\uFF27\\u01F4\\u011C\\u1E20\\u011E\\u0120\\u01E6\\u0122\\u01E4\\u0193\\uA7A0\\uA77D\\uA77E]","H":"[\\u0048\\u24BD\\uFF28\\u0124\\u1E22\\u1E26\\u021E\\u1E24\\u1E28\\u1E2A\\u0126\\u2C67\\u2C75\\uA78D]","I":"[\\u0049\\u24BE\\uFF29\\u00CC\\u00CD\\u00CE\\u0128\\u012A\\u012C\\u0130\\u00CF\\u1E2E\\u1EC8\\u01CF\\u0208\\u020A\\u1ECA\\u012E\\u1E2C\\u0197]","J":"[\\u004A\\u24BF\\uFF2A\\u0134\\u0248]","K":"[\\u004B\\u24C0\\uFF2B\\u1E30\\u01E8\\u1E32\\u0136\\u1E34\\u0198\\u2C69\\uA740\\uA742\\uA744\\uA7A2]","L":"[\\u004C\\u24C1\\uFF2C\\u013F\\u0139\\u013D\\u1E36\\u1E38\\u013B\\u1E3C\\u1E3A\\u0141\\u023D\\u2C62\\u2C60\\uA748\\uA746\\uA780]","LJ":"[\\u01C7]","Lj":"[\\u01C8]","M":"[\\u004D\\u24C2\\uFF2D\\u1E3E\\u1E40\\u1E42\\u2C6E\\u019C]","N":"[\\u004E\\u24C3\\uFF2E\\u01F8\\u0143\\u00D1\\u1E44\\u0147\\u1E46\\u0145\\u1E4A\\u1E48\\u0220\\u019D\\uA790\\uA7A4]","NJ":"[\\u01CA]","Nj":"[\\u01CB]","O":"[\\u004F\\u24C4\\uFF2F\\u00D2\\u00D3\\u00D4\\u1ED2\\u1ED0\\u1ED6\\u1ED4\\u00D5\\u1E4C\\u022C\\u1E4E\\u014C\\u1E50\\u1E52\\u014E\\u022E\\u0230\\u00D6\\u022A\\u1ECE\\u0150\\u01D1\\u020C\\u020E\\u01A0\\u1EDC\\u1EDA\\u1EE0\\u1EDE\\u1EE2\\u1ECC\\u1ED8\\u01EA\\u01EC\\u00D8\\u01FE\\u0186\\u019F\\uA74A\\uA74C]","OI":"[\\u01A2]","OO":"[\\uA74E]","OU":"[\\u0222]","P":"[\\u0050\\u24C5\\uFF30\\u1E54\\u1E56\\u01A4\\u2C63\\uA750\\uA752\\uA754]","Q":"[\\u0051\\u24C6\\uFF31\\uA756\\uA758\\u024A]","R":"[\\u0052\\u24C7\\uFF32\\u0154\\u1E58\\u0158\\u0210\\u0212\\u1E5A\\u1E5C\\u0156\\u1E5E\\u024C\\u2C64\\uA75A\\uA7A6\\uA782]","S":"[\\u0053\\u24C8\\uFF33\\u1E9E\\u015A\\u1E64\\u015C\\u1E60\\u0160\\u1E66\\u1E62\\u1E68\\u0218\\u015E\\u2C7E\\uA7A8\\uA784]","T":"[\\u0054\\u24C9\\uFF34\\u1E6A\\u0164\\u1E6C\\u021A\\u0162\\u1E70\\u1E6E\\u0166\\u01AC\\u01AE\\u023E\\uA786]","TZ":"[\\uA728]","U":"[\\u0055\\u24CA\\uFF35\\u00D9\\u00DA\\u00DB\\u0168\\u1E78\\u016A\\u1E7A\\u016C\\u00DC\\u01DB\\u01D7\\u01D5\\u01D9\\u1EE6\\u016E\\u0170\\u01D3\\u0214\\u0216\\u01AF\\u1EEA\\u1EE8\\u1EEE\\u1EEC\\u1EF0\\u1EE4\\u1E72\\u0172\\u1E76\\u1E74\\u0244]","V":"[\\u0056\\u24CB\\uFF36\\u1E7C\\u1E7E\\u01B2\\uA75E\\u0245]","VY":"[\\uA760]","W":"[\\u0057\\u24CC\\uFF37\\u1E80\\u1E82\\u0174\\u1E86\\u1E84\\u1E88\\u2C72]","X":"[\\u0058\\u24CD\\uFF38\\u1E8A\\u1E8C]","Y":"[\\u0059\\u24CE\\uFF39\\u1EF2\\u00DD\\u0176\\u1EF8\\u0232\\u1E8E\\u0178\\u1EF6\\u1EF4\\u01B3\\u024E\\u1EFE]","Z":"[\\u005A\\u24CF\\uFF3A\\u0179\\u1E90\\u017B\\u017D\\u1E92\\u1E94\\u01B5\\u0224\\u2C7F\\u2C6B\\uA762]","a":"[\\u0061\\u24D0\\uFF41\\u1E9A\\u00E0\\u00E1\\u00E2\\u1EA7\\u1EA5\\u1EAB\\u1EA9\\u00E3\\u0101\\u0103\\u1EB1\\u1EAF\\u1EB5\\u1EB3\\u0227\\u01E1\\u00E4\\u01DF\\u1EA3\\u00E5\\u01FB\\u01CE\\u0201\\u0203\\u1EA1\\u1EAD\\u1EB7\\u1E01\\u0105\\u2C65\\u0250]","aa":"[\\uA733]","ae":"[\\u00E6\\u01FD\\u01E3]","ao":"[\\uA735]","au":"[\\uA737]","av":"[\\uA739\\uA73B]","ay":"[\\uA73D]","b":"[\\u0062\\u24D1\\uFF42\\u1E03\\u1E05\\u1E07\\u0180\\u0183\\u0253]","c":"[\\u0063\\u24D2\\uFF43\\u0107\\u0109\\u010B\\u010D\\u00E7\\u1E09\\u0188\\u023C\\uA73F\\u2184]","d":"[\\u0064\\u24D3\\uFF44\\u1E0B\\u010F\\u1E0D\\u1E11\\u1E13\\u1E0F\\u0111\\u018C\\u0256\\u0257\\uA77A]","dz":"[\\u01F3\\u01C6]","e":"[\\u0065\\u24D4\\uFF45\\u00E8\\u00E9\\u00EA\\u1EC1\\u1EBF\\u1EC5\\u1EC3\\u1EBD\\u0113\\u1E15\\u1E17\\u0115\\u0117\\u00EB\\u1EBB\\u011B\\u0205\\u0207\\u1EB9\\u1EC7\\u0229\\u1E1D\\u0119\\u1E19\\u1E1B\\u0247\\u025B\\u01DD]","f":"[\\u0066\\u24D5\\uFF46\\u1E1F\\u0192\\uA77C]","g":"[\\u0067\\u24D6\\uFF47\\u01F5\\u011D\\u1E21\\u011F\\u0121\\u01E7\\u0123\\u01E5\\u0260\\uA7A1\\u1D79\\uA77F]","h":"[\\u0068\\u24D7\\uFF48\\u0125\\u1E23\\u1E27\\u021F\\u1E25\\u1E29\\u1E2B\\u1E96\\u0127\\u2C68\\u2C76\\u0265]","hv":"[\\u0195]","i":"[\\u0069\\u24D8\\uFF49\\u00EC\\u00ED\\u00EE\\u0129\\u012B\\u012D\\u00EF\\u1E2F\\u1EC9\\u01D0\\u0209\\u020B\\u1ECB\\u012F\\u1E2D\\u0268\\u0131]","j":"[\\u006A\\u24D9\\uFF4A\\u0135\\u01F0\\u0249]","k":"[\\u006B\\u24DA\\uFF4B\\u1E31\\u01E9\\u1E33\\u0137\\u1E35\\u0199\\u2C6A\\uA741\\uA743\\uA745\\uA7A3]","l":"[\\u006C\\u24DB\\uFF4C\\u0140\\u013A\\u013E\\u1E37\\u1E39\\u013C\\u1E3D\\u1E3B\\u017F\\u0142\\u019A\\u026B\\u2C61\\uA749\\uA781\\uA747]","lj":"[\\u01C9]","m":"[\\u006D\\u24DC\\uFF4D\\u1E3F\\u1E41\\u1E43\\u0271\\u026F]","n":"[\\u006E\\u24DD\\uFF4E\\u01F9\\u0144\\u00F1\\u1E45\\u0148\\u1E47\\u0146\\u1E4B\\u1E49\\u019E\\u0272\\u0149\\uA791\\uA7A5]","nj":"[\\u01CC]","o":"[\\u006F\\u24DE\\uFF4F\\u00F2\\u00F3\\u00F4\\u1ED3\\u1ED1\\u1ED7\\u1ED5\\u00F5\\u1E4D\\u022D\\u1E4F\\u014D\\u1E51\\u1E53\\u014F\\u022F\\u0231\\u00F6\\u022B\\u1ECF\\u0151\\u01D2\\u020D\\u020F\\u01A1\\u1EDD\\u1EDB\\u1EE1\\u1EDF\\u1EE3\\u1ECD\\u1ED9\\u01EB\\u01ED\\u00F8\\u01FF\\u0254\\uA74B\\uA74D\\u0275]","oi":"[\\u01A3]","ou":"[\\u0223]","oo":"[\\uA74F]","p":"[\\u0070\\u24DF\\uFF50\\u1E55\\u1E57\\u01A5\\u1D7D\\uA751\\uA753\\uA755]","q":"[\\u0071\\u24E0\\uFF51\\u024B\\uA757\\uA759]","r":"[\\u0072\\u24E1\\uFF52\\u0155\\u1E59\\u0159\\u0211\\u0213\\u1E5B\\u1E5D\\u0157\\u1E5F\\u024D\\u027D\\uA75B\\uA7A7\\uA783]","s":"[\\u0073\\u24E2\\uFF53\\u015B\\u1E65\\u015D\\u1E61\\u0161\\u1E67\\u1E63\\u1E69\\u0219\\u015F\\u023F\\uA7A9\\uA785\\u1E9B]","ss":"[\\u00DF]","t":"[\\u0074\\u24E3\\uFF54\\u1E6B\\u1E97\\u0165\\u1E6D\\u021B\\u0163\\u1E71\\u1E6F\\u0167\\u01AD\\u0288\\u2C66\\uA787]","tz":"[\\uA729]","u":"[\\u0075\\u24E4\\uFF55\\u00F9\\u00FA\\u00FB\\u0169\\u1E79\\u016B\\u1E7B\\u016D\\u00FC\\u01DC\\u01D8\\u01D6\\u01DA\\u1EE7\\u016F\\u0171\\u01D4\\u0215\\u0217\\u01B0\\u1EEB\\u1EE9\\u1EEF\\u1EED\\u1EF1\\u1EE5\\u1E73\\u0173\\u1E77\\u1E75\\u0289]","v":"[\\u0076\\u24E5\\uFF56\\u1E7D\\u1E7F\\u028B\\uA75F\\u028C]","vy":"[\\uA761]","w":"[\\u0077\\u24E6\\uFF57\\u1E81\\u1E83\\u0175\\u1E87\\u1E85\\u1E98\\u1E89\\u2C73]","x":"[\\u0078\\u24E7\\uFF58\\u1E8B\\u1E8D]","y":"[\\u0079\\u24E8\\uFF59\\u1EF3\\u00FD\\u0177\\u1EF9\\u0233\\u1E8F\\u00FF\\u1EF7\\u1E99\\u1EF5\\u01B4\\u024F\\u1EFF]","z":"[\\u007A\\u24E9\\uFF5A\\u017A\\u1E91\\u017C\\u017E\\u1E93\\u1E95\\u01B6\\u0225\\u0240\\u2C6C\\uA763]"},"researchesTests":["contentHasTOC","contentHasShortParagraphs","contentHasAssets","keywordInTitle","keywordInMetaDescription","keywordInPermalink","keywordIn10Percent","keywordInContent","keywordInSubheadings","keywordInImageAlt","keywordDensity","keywordNotUsed","lengthContent","lengthPermalink","linksHasInternal","linksHasExternals","linksNotAllExternals","titleStartWithKeyword","titleSentiment","titleHasPowerWords","titleHasNumber","hasContentAI"],"hasRedirection":false,"hasBreadcrumb":false},"homeUrl":"https:\/\/forexrev.com\/pl\/","objectID":8018,"objectType":"post","locale":"pl","localeFull":"pl_PL","overlayImages":{"play":{"name":"Ikona PLAY","url":"https:\/\/forexrev.com\/wp-content\/plugins\/seo-by-rank-math\/assets\/admin\/img\/icon-play.png","path":"\/home\/klient.dhosting.pl\/revgroup\/forexrev.com\/new\/public_html\/wp-content\/plugins\/seo-by-rank-math\/assets\/admin\/img\/icon-play.png","position":"middle_center"},"gif":{"name":"Ikona GIF","url":"https:\/\/forexrev.com\/wp-content\/plugins\/seo-by-rank-math\/assets\/admin\/img\/icon-gif.png","path":"\/home\/klient.dhosting.pl\/revgroup\/forexrev.com\/new\/public_html\/wp-content\/plugins\/seo-by-rank-math\/assets\/admin\/img\/icon-gif.png","position":"middle_center"}},"defautOgImage":"https:\/\/forexrev.com\/wp-content\/plugins\/seo-by-rank-math\/assets\/admin\/img\/social-placeholder.jpg","customPermalinks":true,"isUserRegistered":true,"autoSuggestKeywords":true,"connectSiteUrl":"https:\/\/rankmath.com\/auth?site=https%3A%2F%2Fforexrev.com%2Fpl%2F&r=https%3A%2F%2Fforexrev.com%2Fpl%2Fwp-json%2Fwp%2Fv2%2Fpages%2F8018%3Fnonce%3Dd85a1adf6a","maxTags":5,"trendsIcon":"<svg viewBox=\"0 0 610 610\"><path d=\"M18.85,446,174.32,290.48l58.08,58.08L76.93,504a14.54,14.54,0,0,1-20.55,0L18.83,466.48a14.54,14.54,0,0,1,0-20.55Z\" style=\"fill:#4285f4\"\/><path d=\"M242.65,242.66,377.59,377.6l-47.75,47.75a14.54,14.54,0,0,1-20.55,0L174.37,290.43l47.75-47.75A14.52,14.52,0,0,1,242.65,242.66Z\" style=\"fill:#ea4335\"\/><polygon points=\"319.53 319.53 479.26 159.8 537.34 217.88 377.61 377.62 319.53 319.53\" style=\"fill:#fabb05\"\/><path d=\"M594.26,262.73V118.61h0a16.94,16.94,0,0,0-16.94-16.94H433.2a16.94,16.94,0,0,0-12,28.92L565.34,274.71h0a16.94,16.94,0,0,0,28.92-12Z\" style=\"fill:#34a853\"\/><rect width=\"610\" height=\"610\" style=\"fill:none\"\/><\/svg>","showScore":true,"siteFavIcon":"data:image\/png;base64,iVBORw0KGgoAAAANSUhEUgAAABAAAAAQCAYAAAAf8\/9hAAABs0lEQVR4AWL4\/\/8\/RRjO8Iucx+noO0MWUDo16FYABMGP6ZfUcRnWtm27jVPbtm3bttuH2t3eFPcY9pLz7NxiLjCyVd87pKnHyqXyxtCs8APd0rnyxiu4qSeA3QEDrAwBDrT1s1Rc\/OrjLZwqVmOSu6+Lamcpp2KKMA9PH1BYXMe1mUP5qotvXTywsOEEYHXxrY+3cqk6TMkYpNr2FeoY3KIr0RPtn9wQ2unlA+GMkRw6+9TFw4YTwDUzx\/JVvARj9KaedXRO8P5B1Du2S32smzqUrcKGEyA+uAgQjKX7zf0boWHGfn71jIKj2689gxp7OAGShNcBUmLMPVjZuiKcA2vuWHHDCQxMCz629kXAIU4ApY15QwggAFbfOP9DhgBJ+nWVJ1AZAfICAj1pAlY6hCADZnveQf7bQIwzVONGJonhLIlS9gr5mFg44Xd+4S3XHoGNPdJl1INIwKyEgHckEhgTe1bGiFY9GSFBYUwLh1IkiJUbY407E7syBSFxKTszEoiE\/YdrgCEayDmtaJwCI9uu8TKMuZSVfSa4BpGgzvomBR\/INhLGzrqDotp01ZR8pn\/1L0JN9d9XNyx0AAAAAElFTkSuQmCC","canUser":{"general":false,"advanced":false,"snippet":false,"social":false,"analysis":false,"analytics":false,"content_ai":false},"showKeywordIntent":true,"isPro":false,"is_front_page":false,"trendsUpgradeLink":"https:\/\/rankmath.com\/pricing\/?utm_source=Plugin&utm_medium=CE%20General%20Tab%20Trends&utm_campaign=WP","trendsUpgradeLabel":"Ulepszenie","trendsPreviewImage":"https:\/\/forexrev.com\/wp-content\/plugins\/seo-by-rank-math\/assets\/admin\/img\/trends-preview.jpg","currentEditor":false,"homepageData":{"assessor":{"powerWords":[],"diacritics":true,"researchesTests":["contentHasTOC","contentHasShortParagraphs","contentHasAssets","keywordInTitle","keywordInMetaDescription","keywordInPermalink","keywordIn10Percent","keywordInContent","keywordInSubheadings","keywordInImageAlt","keywordDensity","keywordNotUsed","lengthContent","lengthPermalink","linksHasInternal","linksHasExternals","linksNotAllExternals","titleStartWithKeyword","titleSentiment","titleHasPowerWords","titleHasNumber","hasContentAI"],"hasBreadcrumb":false,"serpData":{"title":"Forex - Opinie o brokerach CFD","description":"Opinie i informacje na temat broker\u00f3w Forex \/ CFD. Dane, statystki, opinie, forum, oceny. Wszystko co musisz wiedzie\u0107 na temat broker\u00f3w.","titleTemplate":"%sitename% %page% %sep% %sitedesc%","descriptionTemplate":"","focusKeywords":"","breadcrumbTitle":"Home","robots":{"index":true},"advancedRobots":{"max-snippet":"-1","max-video-preview":"-1","max-image-preview":"large"},"facebookTitle":"","facebookDescription":"","facebookImage":"","facebookImageID":""}}}},"_links":{"self":[{"href":"https:\/\/forexrev.com\/pl\/wp-json\/wp\/v2\/pages\/8018","targetHints":{"allow":["GET"]}}],"collection":[{"href":"https:\/\/forexrev.com\/pl\/wp-json\/wp\/v2\/pages"}],"about":[{"href":"https:\/\/forexrev.com\/pl\/wp-json\/wp\/v2\/types\/page"}],"author":[{"embeddable":true,"href":"https:\/\/forexrev.com\/pl\/wp-json\/wp\/v2\/users\/1"}],"replies":[{"embeddable":true,"href":"https:\/\/forexrev.com\/pl\/wp-json\/wp\/v2\/comments?post=8018"}],"version-history":[{"count":6,"href":"https:\/\/forexrev.com\/pl\/wp-json\/wp\/v2\/pages\/8018\/revisions"}],"predecessor-version":[{"id":8638,"href":"https:\/\/forexrev.com\/pl\/wp-json\/wp\/v2\/pages\/8018\/revisions\/8638"}],"wp:attachment":[{"href":"https:\/\/forexrev.com\/pl\/wp-json\/wp\/v2\/media?parent=8018"}],"curies":[{"name":"wp","href":"https:\/\/api.w.org\/{rel}","templated":true}]}}