{"id":9102,"date":"2019-02-13T15:15:02","date_gmt":"2019-02-13T15:15:02","guid":{"rendered":"https:\/\/forexrev.pl\/?page_id=9102"},"modified":"2019-02-13T15:41:23","modified_gmt":"2019-02-13T15:41:23","slug":"co-to-jest-wsparcie-i-opor","status":"publish","type":"page","link":"https:\/\/forexrev.com\/pl\/co-to-jest-wsparcie-i-opor\/","title":{"rendered":"Co to jest Wsparcie i Op\u00f3r?"},"content":{"rendered":"\n<h1 class=\"wp-block-heading\">Co to jest Wsparcie i Op\u00f3r?<\/h1>\n\n\n\n<p><strong>To punktu punkty prognozuj\u0105ce odwr\u00f3cenie trendu lub kontynuacj\u0119 na poziomie danego punktu. Poziom wsparcia znajduje si\u0119 poni\u017cej bie\u017c\u0105cego kursu, za\u015b poziom oporu powy\u017cej. <\/strong><\/p>\n\n\n\n<p>Poziomy wsparcia i oporu wykorzystywane s\u0105 w analizie technicznej, kt\u00f3ra uznawana jest za jedno z podstawowych poj\u0119\u0107 obecnych na rynkach finansowych. Wykorzystywana jest przede wszystkim do badania zachowa\u0144 ceny w przesz\u0142o\u015bci, w celu przewidzenia tego, co ma sta\u0107 si\u0119 w przysz\u0142o\u015bci. <\/p>\n\n\n\n<p>Du\u017cym atutem tego rozwi\u0105zania jest mo\u017cliwo\u015b\u0107 zastosowania\njej w odniesieniu do dowolnej ramy czasowej, co oznacza, \u017ce mo\u017ce by\u0107\nwykorzystywana do ka\u017cdego rodzaju spekulacji \u2013 od kilkusekundowego scalpingu,\na\u017c do kilkumiesi\u0119cznego position tradingu. <\/p>\n\n\n\n<p>Wsparcie i op\u00f3r nale\u017c\u0105 do najwa\u017cniejszych formacji cenowych,\nrespektowanych przez rynek. To poziomy, kt\u00f3re informuj\u0105 najcz\u0119\u015bciej o momencie,\nw kt\u00f3rym cena zawraca i przyjmuje kierunek przeciwny do ostatniego trendu. <\/p>\n\n\n\n<h2 class=\"wp-block-heading\">Czym jest wsparcie? <\/h2>\n\n\n\n<p>To poziom, kt\u00f3ry znajduje si\u0119 poni\u017cej ceny, od kt\u00f3rego\nodbija si\u0119 cena i przyjmuje wy\u017csz\u0105 warto\u015b\u0107. Im cz\u0119\u015bciej strefa wsparcia jest\nrespektowana, tym mocniejsza stawa\u0107 si\u0119 b\u0119dzie w przysz\u0142o\u015bci. Jednocze\u015bnie,\nszybko zanegowane poziomy wsparcia i oporu trac\u0105 swoje w\u0142a\u015bciwo\u015bci staj\u0105c si\u0119\nformacj\u0105 przeciwstawn\u0105 \u2013 w\u00f3wczas strefa wsparcia staje si\u0119 stref\u0105 oporu.<\/p>\n\n\n\n<h2 class=\"wp-block-heading\">Czym jest op\u00f3r?<\/h2>\n\n\n\n<p>Linia oporu jest zdecydowanie mniej dynamiczna i znacznie\ncz\u0119\u015bciej wyst\u0119puj\u0105 tu tak zwane fa\u0142szywe przebicia. Spowodowane jest to przede\nwszystkim emocjami, kt\u00f3re kieruj\u0105 spekulantami \u2013 zawsze to strach wygrywa z\nchciwo\u015bci\u0105, czyli spadek warto\u015bci z potrzeb\u0105 wzrost\u00f3w. <\/p>\n\n\n\n<h2 class=\"wp-block-heading\">Wsparcie i op\u00f3r, a rynek Forex <\/h2>\n\n\n\n<p>Poziomy wsparcia i oporu na rynku Forex kszta\u0142towane s\u0105\nnieco inaczej, ni\u017c na rynkach regulowanych \u2013 przede wszystkim na gie\u0142dzie. Na\nniej mo\u017cemy bowiem zaobserwowa\u0107 bardzo wiele przyk\u0142ad\u00f3w analitycznych, kt\u00f3re\nwskazuj\u0105 jak dok\u0142adnie rynki gie\u0142dowe reaguj\u0105 na kluczowe poziomy cenowe. Z\nkolei na rynku Forex linie wsparcia i oporu bywaj\u0105 bardzo cz\u0119sto\n\u201erozszarpywane\u201d na skutek ceny, kt\u00f3ra intensywnie fluktuuje w ich bezpo\u015brednim\ns\u0105siedztwie. <\/p>\n\n\n\n<p>Z kolei na Forex mo\u017cemy znale\u017a\u0107 zale\u017cno\u015b\u0107, kt\u00f3ra pozwoli\nznacznie zwi\u0119kszy\u0107 efektywno\u015b\u0107 gry na wsparcie i op\u00f3r. W tym celu mo\u017cemy\nwykorzysta\u0107 np. platform\u0119 MT4, kt\u00f3ra pozwala skutecznie wykorzysta\u0107 op\u00f3r na\nwielu r\u00f3\u017cnych ramach czasowych. Dzi\u0119ki strategicznemu wyznaczeniu poziom\u00f3w\nsupport i resistance Forex b\u0119dzie mo\u017cliwe stworzenie silnych i istotnie\nrespektowanych poziom\u00f3w wsparcia i oporu. <\/p>\n\n\n\n<h2 class=\"wp-block-heading\">W jaki spos\u00f3b wyznaczy\u0107 poziomy wsparcia i oporu?<\/h2>\n\n\n\n<p>Do wyznaczania tych poziom\u00f3w s\u0142u\u017c\u0105 przede wszystkim\ninstrumenty, takie jak formacje \u015bwiecowe, <a href=\"\/czym-sa-srednie-kroczace-moving-average-ma\/\" class=\"ilgen\">\u015brednie krocz\u0105ce<\/a>, linie trendu,\nwst\u0119gi bollingera, zniesienia Fibonacciego, oraz poprzednie szczyty i do\u0142ki. <\/p>\n\n\n\n<p>Maj\u0105c baz\u0119 do ustalenia poziom\u00f3w wsparcia i oporu rodz\u0105 si\u0119\ndalsze pytania \u2013 czy w\u0142a\u015bciw\u0105 warto\u015b\u0107 powinni\u015bmy wyznacza\u0107 po dnach, szczytach\nczy mo\u017ce knotach? Nie istnieje jednoznaczna odpowiedz na to pytanie.\nWyznaczenie poziom\u00f3w wsparcia i oporu powinno opiera\u0107 si\u0119 na specjalistycznym\noprogramowaniu i dost\u0119pie do tzw. ksi\u0105\u017cki zlece\u0144, kt\u00f3re dostarczane s\u0105\nnajcz\u0119\u015bciej przez broker\u00f3w gie\u0142dowych i <a href=\"\/czym-sa-kontrakty-futures\/\" class=\"ilgen\">futures<\/a>. <\/p>\n\n\n\n<p>Dane naniesione na \u015bwiece pozwalaj\u0105 pozyskiwa\u0107 niezb\u0119dne\ninformacje o najwy\u017cszym wolumenie w danym okresie. Op\u00f3r i wsparcie wyznaczone\ns\u0105 przez dwa szczyty i do\u0142ki, kt\u00f3re zawieraj\u0105 najwy\u017cszy wolumen, b\u0119d\u0105 silnymi i\nrespektowanymi w przysz\u0142o\u015bci poziomami. <\/p>\n\n\n\n<h2 class=\"wp-block-heading\">W jaki spos\u00f3b rysowa\u0107 poziom linii wsparcia i oporu?<\/h2>\n\n\n\n<p>Przede wszystkim nale\u017cy pami\u0119ta\u0107 o tym, aby nie zapisywa\u0107\nwszystkich dostrzeganych formacji na wykresie, gdy\u017c sprawi to, \u017ce stanie si\u0119 on\nnieczytelny. Podstaw\u0105 rysowania poziom\u00f3w linii wsparcia i oporu jest umiej\u0119tno\u015b\u0107\ndecydowania o tym, kt\u00f3re z nich s\u0105 wa\u017cne. <\/p>\n\n\n\n<p>Opr\u00f3cz tego bardzo wa\u017cne jest, aby nie opiera\u0107 si\u0119 wy\u0142\u0105cznie\nna najwy\u017cszych i najni\u017cszych warto\u015bciach \u015bwiec, kt\u00f3re symbolizuj\u0105 cen\u0119. Zdarza\nsi\u0119 bowiem, \u017ce wsparcie i op\u00f3r to w zdecydowanej wi\u0119kszo\u015bci zakresy, strefy,\nani\u017celi dok\u0142adne poziomy. W zwi\u0105zku z tym kluczowym poziomem mo\u017ce by\u0107 jedna z\nwarto\u015bci z pionowej osi ceny, albo punkt przeci\u0119cia knot\u00f3w, a nawet cia\u0142a\n\u015bwiec. <\/p>\n\n\n\n<p>Ostatnia wa\u017cna rzecz \u2013 nie zawsze musisz cofa\u0107 si\u0119 znacznie\nwstecz. W wi\u0119kszo\u015bci przypadk\u00f3w cofanie si\u0119 dalej ni\u017c 8 miesi\u0119cy nie daje\ndobrych rezultat\u00f3w. Zazwyczaj optimum to okres od 3 do 6 ostatnich miesi\u0119cy. W\nprzypadku wykresu z dziennym interwa\u0142em decyduj\u0105c si\u0119 na rysowanie poziom\u00f3w,\nkt\u00f3re si\u0119gaj\u0105 kilku lat wstecz zazwyczaj stracisz czas. <\/p>\n\n\n\n<h2 class=\"wp-block-heading\">Automatyczne metody wyznaczania poziom\u00f3w wsparcia i oporu<\/h2>\n\n\n\n<p>Na rynku mo\u017cemy znale\u017a\u0107 automatyczne metody wyznaczania\npoziom\u00f3w wsparcia i oporu. Spo\u015br\u00f3d nich wyr\u00f3\u017cniaj\u0105 si\u0119 wyra\u017anie dwie:<\/p>\n\n\n\n<ul class=\"wp-block-list\"><li><strong>Pivot Points<\/strong> \u2013 metody wyznaczania punkt\u00f3w odwrotu ceny, opieraj\u0105ce si\u0119 na wyliczonych poziomach, wysyntetyzowanych z poziom\u00f3w cenowych osi\u0105gni\u0119tych w ostatniej sesji (otwarcie, zamkni\u0119cie, najwy\u017csza, najni\u017csza cena). Dzia\u0142aj\u0105 na podobnej zasadzie co poziomy wsparcia i oporu, nie bazuj\u0105c jednak na przesz\u0142ym zachowaniu trader\u00f3w (<a href=\"\/price-action-pa-czym-jest\/\" class=\"ilgen\">Price Action<\/a>). Do wylicze\u0144 mo\u017cesz wykorzysta\u0107 nasz <a href=\"\/kalkulator-pivot-points\/\">kalkulator Pivot Points<\/a>.<\/li><\/ul>\n\n\n\n<ul class=\"wp-block-list\"><li><strong>Zniesienia Fibo<\/strong> \u2013 to sztucznie wyznaczone poziomy, kt\u00f3re nie znajduj\u0105 swojego potwierdzenia w rzeczywistych zachowaniach rynku w przesz\u0142o\u015bci. Model ten bazuje na teorii fal Elliotta, kt\u00f3ra dotyczy cykliczno\u015bci zachowa\u0144 rynku i jego specyficznej, fraktalnej natury. Tutaj \u2013 podobnie jak w przypadku oceanu \u2013 na du\u017ce fale sk\u0142adaj\u0105 si\u0119 mniejsze. <\/li><\/ul>\n\n\n\n<p>Cz\u0119\u015b\u0107 trader\u00f3w traktuje zniesienia Fibo jako kolejny\nschemat, odzwierciadlaj\u0105cy ruchy wsparcia i oporu. Nie posiadaj\u0105 one jednak tak\nsilnej renomy, jak klasyczne sposoby wyznaczania strefy oporu i wsparcia. <\/p>\n\n\n\n<h3 class=\"wp-block-heading\">Czy warto zatem wykorzystywa\u0107 poziomy wsparcia i oporu?<\/h3>\n\n\n\n<p>Zdecydowanie tak, bior\u0105c pod uwag\u0119, \u017ce s\u0105 to podstawowe i\nnaj\u0142atwiejsze do zidentyfikowania formacje analizy technicznej. Wi\u0119kszo\u015b\u0107\nwykres\u00f3w Forex posiada wiele wska\u017anik\u00f3w, pozwalaj\u0105cych zobaczy\u0107 te poziomy i\nkorzysta\u0107 z nich dla w\u0142asnych korzy\u015bci. <\/p>\n","protected":false},"excerpt":{"rendered":"<p>Co to jest Wsparcie i Op&oacute;r? To punktu punkty prognozuj&#261;ce odwr&oacute;cenie trendu lub kontynuacj&#281; na poziomie danego punktu. Poziom wsparcia znajduje si&#281; poni&#380;ej bie&#380;&#261;cego kursu, za&#347; poziom oporu powy&#380;ej. Poziomy wsparcia i oporu wykorzystywane s&#261; w analizie technicznej, kt&oacute;ra uznawana &hellip; <a href=\"https:\/\/forexrev.com\/pl\/co-to-jest-wsparcie-i-opor\/\">Continue reading <span class=\"meta-nav\">&rarr;<\/span><\/a><\/p>\n","protected":false},"author":1,"featured_media":0,"parent":0,"menu_order":0,"comment_status":"closed","ping_status":"closed","template":"pagesidebar-slownik-page.php","meta":{"_acf_changed":false,"footnotes":""},"class_list":["post-9102","page","type-page","status-publish"],"acf":[],"rankMath":{"parentDomain":"forexrev.com","noFollowDomains":[],"noFollowExcludeDomains":[],"noFollowExternalLinks":false,"featuredImageNotice":"Prezentowany obraz powinien mie\u0107 co najmniej 200 na 200 pikseli, aby m\u00f3g\u0142 go pobra\u0107 Facebook i inne serwisy spo\u0142eczno\u015bciowe.","pluginReviewed":false,"postSettings":{"linkSuggestions":true,"useFocusKeyword":false},"frontEndScore":false,"postName":"co-to-jest-wsparcie-i-opor","permalinkFormat":"https:\/\/forexrev.com\/pl\/%pagename%\/","showLockModifiedDate":true,"assessor":{"focusKeywordLink":"https:\/\/forexrev.com\/wp-admin\/edit.php?focus_keyword=%focus_keyword%&post_type=%post_type%","hasTOCPlugin":{"easy-table-of-contents\/easy-table-of-contents.php":"Easy Table of Contents"},"primaryTaxonomy":false,"serpData":{"title":"","description":"","focusKeywords":"","pillarContent":false,"canonicalUrl":"","breadcrumbTitle":"","advancedRobots":{"max-snippet":"-1","max-video-preview":"-1","max-image-preview":"large"},"facebookTitle":"","facebookDescription":"","facebookImage":"","facebookImageID":"","facebookHasOverlay":false,"facebookImageOverlay":"","facebookAuthor":"","twitterCardType":"","twitterUseFacebook":true,"twitterTitle":"","twitterDescription":"","twitterImage":"","twitterImageID":"","twitterHasOverlay":false,"twitterImageOverlay":"","twitterPlayerUrl":"","twitterPlayerSize":"","twitterPlayerStream":"","twitterPlayerStreamCtype":"","twitterAppDescription":"","twitterAppIphoneName":"","twitterAppIphoneID":"","twitterAppIphoneUrl":"","twitterAppIpadName":"","twitterAppIpadID":"","twitterAppIpadUrl":"","twitterAppGoogleplayName":"","twitterAppGoogleplayID":"","twitterAppGoogleplayUrl":"","twitterAppCountry":"","robots":{"index":true,"":true},"twitterAuthor":"u\u017cytkownik","primaryTerm":0,"authorName":"Albert Czajkowski","titleTemplate":"%title% | ForexRev.com \u00ae","descriptionTemplate":"%excerpt%","showScoreFrontend":true,"lockModifiedDate":false},"powerWords":[],"diacritics":{"A":"[\\u0041\\u24B6\\uFF21\\u00C0\\u00C1\\u00C2\\u1EA6\\u1EA4\\u1EAA\\u1EA8\\u00C3\\u0100\\u0102\\u1EB0\\u1EAE\\u1EB4\\u1EB2\\u0226\\u01E0\\u00C4\\u01DE\\u1EA2\\u00C5\\u01FA\\u01CD\\u0200\\u0202\\u1EA0\\u1EAC\\u1EB6\\u1E00\\u0104\\u023A\\u2C6F]","AA":"[\\uA732]","AE":"[\\u00C6\\u01FC\\u01E2]","AO":"[\\uA734]","AU":"[\\uA736]","AV":"[\\uA738\\uA73A]","AY":"[\\uA73C]","B":"[\\u0042\\u24B7\\uFF22\\u1E02\\u1E04\\u1E06\\u0243\\u0182\\u0181]","C":"[\\u0043\\u24B8\\uFF23\\u0106\\u0108\\u010A\\u010C\\u00C7\\u1E08\\u0187\\u023B\\uA73E]","D":"[\\u0044\\u24B9\\uFF24\\u1E0A\\u010E\\u1E0C\\u1E10\\u1E12\\u1E0E\\u0110\\u018B\\u018A\\u0189\\uA779]","DZ":"[\\u01F1\\u01C4]","Dz":"[\\u01F2\\u01C5]","E":"[\\u0045\\u24BA\\uFF25\\u00C8\\u00C9\\u00CA\\u1EC0\\u1EBE\\u1EC4\\u1EC2\\u1EBC\\u0112\\u1E14\\u1E16\\u0114\\u0116\\u00CB\\u1EBA\\u011A\\u0204\\u0206\\u1EB8\\u1EC6\\u0228\\u1E1C\\u0118\\u1E18\\u1E1A\\u0190\\u018E]","F":"[\\u0046\\u24BB\\uFF26\\u1E1E\\u0191\\uA77B]","G":"[\\u0047\\u24BC\\uFF27\\u01F4\\u011C\\u1E20\\u011E\\u0120\\u01E6\\u0122\\u01E4\\u0193\\uA7A0\\uA77D\\uA77E]","H":"[\\u0048\\u24BD\\uFF28\\u0124\\u1E22\\u1E26\\u021E\\u1E24\\u1E28\\u1E2A\\u0126\\u2C67\\u2C75\\uA78D]","I":"[\\u0049\\u24BE\\uFF29\\u00CC\\u00CD\\u00CE\\u0128\\u012A\\u012C\\u0130\\u00CF\\u1E2E\\u1EC8\\u01CF\\u0208\\u020A\\u1ECA\\u012E\\u1E2C\\u0197]","J":"[\\u004A\\u24BF\\uFF2A\\u0134\\u0248]","K":"[\\u004B\\u24C0\\uFF2B\\u1E30\\u01E8\\u1E32\\u0136\\u1E34\\u0198\\u2C69\\uA740\\uA742\\uA744\\uA7A2]","L":"[\\u004C\\u24C1\\uFF2C\\u013F\\u0139\\u013D\\u1E36\\u1E38\\u013B\\u1E3C\\u1E3A\\u0141\\u023D\\u2C62\\u2C60\\uA748\\uA746\\uA780]","LJ":"[\\u01C7]","Lj":"[\\u01C8]","M":"[\\u004D\\u24C2\\uFF2D\\u1E3E\\u1E40\\u1E42\\u2C6E\\u019C]","N":"[\\u004E\\u24C3\\uFF2E\\u01F8\\u0143\\u00D1\\u1E44\\u0147\\u1E46\\u0145\\u1E4A\\u1E48\\u0220\\u019D\\uA790\\uA7A4]","NJ":"[\\u01CA]","Nj":"[\\u01CB]","O":"[\\u004F\\u24C4\\uFF2F\\u00D2\\u00D3\\u00D4\\u1ED2\\u1ED0\\u1ED6\\u1ED4\\u00D5\\u1E4C\\u022C\\u1E4E\\u014C\\u1E50\\u1E52\\u014E\\u022E\\u0230\\u00D6\\u022A\\u1ECE\\u0150\\u01D1\\u020C\\u020E\\u01A0\\u1EDC\\u1EDA\\u1EE0\\u1EDE\\u1EE2\\u1ECC\\u1ED8\\u01EA\\u01EC\\u00D8\\u01FE\\u0186\\u019F\\uA74A\\uA74C]","OI":"[\\u01A2]","OO":"[\\uA74E]","OU":"[\\u0222]","P":"[\\u0050\\u24C5\\uFF30\\u1E54\\u1E56\\u01A4\\u2C63\\uA750\\uA752\\uA754]","Q":"[\\u0051\\u24C6\\uFF31\\uA756\\uA758\\u024A]","R":"[\\u0052\\u24C7\\uFF32\\u0154\\u1E58\\u0158\\u0210\\u0212\\u1E5A\\u1E5C\\u0156\\u1E5E\\u024C\\u2C64\\uA75A\\uA7A6\\uA782]","S":"[\\u0053\\u24C8\\uFF33\\u1E9E\\u015A\\u1E64\\u015C\\u1E60\\u0160\\u1E66\\u1E62\\u1E68\\u0218\\u015E\\u2C7E\\uA7A8\\uA784]","T":"[\\u0054\\u24C9\\uFF34\\u1E6A\\u0164\\u1E6C\\u021A\\u0162\\u1E70\\u1E6E\\u0166\\u01AC\\u01AE\\u023E\\uA786]","TZ":"[\\uA728]","U":"[\\u0055\\u24CA\\uFF35\\u00D9\\u00DA\\u00DB\\u0168\\u1E78\\u016A\\u1E7A\\u016C\\u00DC\\u01DB\\u01D7\\u01D5\\u01D9\\u1EE6\\u016E\\u0170\\u01D3\\u0214\\u0216\\u01AF\\u1EEA\\u1EE8\\u1EEE\\u1EEC\\u1EF0\\u1EE4\\u1E72\\u0172\\u1E76\\u1E74\\u0244]","V":"[\\u0056\\u24CB\\uFF36\\u1E7C\\u1E7E\\u01B2\\uA75E\\u0245]","VY":"[\\uA760]","W":"[\\u0057\\u24CC\\uFF37\\u1E80\\u1E82\\u0174\\u1E86\\u1E84\\u1E88\\u2C72]","X":"[\\u0058\\u24CD\\uFF38\\u1E8A\\u1E8C]","Y":"[\\u0059\\u24CE\\uFF39\\u1EF2\\u00DD\\u0176\\u1EF8\\u0232\\u1E8E\\u0178\\u1EF6\\u1EF4\\u01B3\\u024E\\u1EFE]","Z":"[\\u005A\\u24CF\\uFF3A\\u0179\\u1E90\\u017B\\u017D\\u1E92\\u1E94\\u01B5\\u0224\\u2C7F\\u2C6B\\uA762]","a":"[\\u0061\\u24D0\\uFF41\\u1E9A\\u00E0\\u00E1\\u00E2\\u1EA7\\u1EA5\\u1EAB\\u1EA9\\u00E3\\u0101\\u0103\\u1EB1\\u1EAF\\u1EB5\\u1EB3\\u0227\\u01E1\\u00E4\\u01DF\\u1EA3\\u00E5\\u01FB\\u01CE\\u0201\\u0203\\u1EA1\\u1EAD\\u1EB7\\u1E01\\u0105\\u2C65\\u0250]","aa":"[\\uA733]","ae":"[\\u00E6\\u01FD\\u01E3]","ao":"[\\uA735]","au":"[\\uA737]","av":"[\\uA739\\uA73B]","ay":"[\\uA73D]","b":"[\\u0062\\u24D1\\uFF42\\u1E03\\u1E05\\u1E07\\u0180\\u0183\\u0253]","c":"[\\u0063\\u24D2\\uFF43\\u0107\\u0109\\u010B\\u010D\\u00E7\\u1E09\\u0188\\u023C\\uA73F\\u2184]","d":"[\\u0064\\u24D3\\uFF44\\u1E0B\\u010F\\u1E0D\\u1E11\\u1E13\\u1E0F\\u0111\\u018C\\u0256\\u0257\\uA77A]","dz":"[\\u01F3\\u01C6]","e":"[\\u0065\\u24D4\\uFF45\\u00E8\\u00E9\\u00EA\\u1EC1\\u1EBF\\u1EC5\\u1EC3\\u1EBD\\u0113\\u1E15\\u1E17\\u0115\\u0117\\u00EB\\u1EBB\\u011B\\u0205\\u0207\\u1EB9\\u1EC7\\u0229\\u1E1D\\u0119\\u1E19\\u1E1B\\u0247\\u025B\\u01DD]","f":"[\\u0066\\u24D5\\uFF46\\u1E1F\\u0192\\uA77C]","g":"[\\u0067\\u24D6\\uFF47\\u01F5\\u011D\\u1E21\\u011F\\u0121\\u01E7\\u0123\\u01E5\\u0260\\uA7A1\\u1D79\\uA77F]","h":"[\\u0068\\u24D7\\uFF48\\u0125\\u1E23\\u1E27\\u021F\\u1E25\\u1E29\\u1E2B\\u1E96\\u0127\\u2C68\\u2C76\\u0265]","hv":"[\\u0195]","i":"[\\u0069\\u24D8\\uFF49\\u00EC\\u00ED\\u00EE\\u0129\\u012B\\u012D\\u00EF\\u1E2F\\u1EC9\\u01D0\\u0209\\u020B\\u1ECB\\u012F\\u1E2D\\u0268\\u0131]","j":"[\\u006A\\u24D9\\uFF4A\\u0135\\u01F0\\u0249]","k":"[\\u006B\\u24DA\\uFF4B\\u1E31\\u01E9\\u1E33\\u0137\\u1E35\\u0199\\u2C6A\\uA741\\uA743\\uA745\\uA7A3]","l":"[\\u006C\\u24DB\\uFF4C\\u0140\\u013A\\u013E\\u1E37\\u1E39\\u013C\\u1E3D\\u1E3B\\u017F\\u0142\\u019A\\u026B\\u2C61\\uA749\\uA781\\uA747]","lj":"[\\u01C9]","m":"[\\u006D\\u24DC\\uFF4D\\u1E3F\\u1E41\\u1E43\\u0271\\u026F]","n":"[\\u006E\\u24DD\\uFF4E\\u01F9\\u0144\\u00F1\\u1E45\\u0148\\u1E47\\u0146\\u1E4B\\u1E49\\u019E\\u0272\\u0149\\uA791\\uA7A5]","nj":"[\\u01CC]","o":"[\\u006F\\u24DE\\uFF4F\\u00F2\\u00F3\\u00F4\\u1ED3\\u1ED1\\u1ED7\\u1ED5\\u00F5\\u1E4D\\u022D\\u1E4F\\u014D\\u1E51\\u1E53\\u014F\\u022F\\u0231\\u00F6\\u022B\\u1ECF\\u0151\\u01D2\\u020D\\u020F\\u01A1\\u1EDD\\u1EDB\\u1EE1\\u1EDF\\u1EE3\\u1ECD\\u1ED9\\u01EB\\u01ED\\u00F8\\u01FF\\u0254\\uA74B\\uA74D\\u0275]","oi":"[\\u01A3]","ou":"[\\u0223]","oo":"[\\uA74F]","p":"[\\u0070\\u24DF\\uFF50\\u1E55\\u1E57\\u01A5\\u1D7D\\uA751\\uA753\\uA755]","q":"[\\u0071\\u24E0\\uFF51\\u024B\\uA757\\uA759]","r":"[\\u0072\\u24E1\\uFF52\\u0155\\u1E59\\u0159\\u0211\\u0213\\u1E5B\\u1E5D\\u0157\\u1E5F\\u024D\\u027D\\uA75B\\uA7A7\\uA783]","s":"[\\u0073\\u24E2\\uFF53\\u015B\\u1E65\\u015D\\u1E61\\u0161\\u1E67\\u1E63\\u1E69\\u0219\\u015F\\u023F\\uA7A9\\uA785\\u1E9B]","ss":"[\\u00DF]","t":"[\\u0074\\u24E3\\uFF54\\u1E6B\\u1E97\\u0165\\u1E6D\\u021B\\u0163\\u1E71\\u1E6F\\u0167\\u01AD\\u0288\\u2C66\\uA787]","tz":"[\\uA729]","u":"[\\u0075\\u24E4\\uFF55\\u00F9\\u00FA\\u00FB\\u0169\\u1E79\\u016B\\u1E7B\\u016D\\u00FC\\u01DC\\u01D8\\u01D6\\u01DA\\u1EE7\\u016F\\u0171\\u01D4\\u0215\\u0217\\u01B0\\u1EEB\\u1EE9\\u1EEF\\u1EED\\u1EF1\\u1EE5\\u1E73\\u0173\\u1E77\\u1E75\\u0289]","v":"[\\u0076\\u24E5\\uFF56\\u1E7D\\u1E7F\\u028B\\uA75F\\u028C]","vy":"[\\uA761]","w":"[\\u0077\\u24E6\\uFF57\\u1E81\\u1E83\\u0175\\u1E87\\u1E85\\u1E98\\u1E89\\u2C73]","x":"[\\u0078\\u24E7\\uFF58\\u1E8B\\u1E8D]","y":"[\\u0079\\u24E8\\uFF59\\u1EF3\\u00FD\\u0177\\u1EF9\\u0233\\u1E8F\\u00FF\\u1EF7\\u1E99\\u1EF5\\u01B4\\u024F\\u1EFF]","z":"[\\u007A\\u24E9\\uFF5A\\u017A\\u1E91\\u017C\\u017E\\u1E93\\u1E95\\u01B6\\u0225\\u0240\\u2C6C\\uA763]"},"researchesTests":["contentHasTOC","contentHasShortParagraphs","contentHasAssets","keywordInTitle","keywordInMetaDescription","keywordInPermalink","keywordIn10Percent","keywordInContent","keywordInSubheadings","keywordInImageAlt","keywordDensity","keywordNotUsed","lengthContent","lengthPermalink","linksHasInternal","linksHasExternals","linksNotAllExternals","titleStartWithKeyword","titleSentiment","titleHasPowerWords","titleHasNumber","hasContentAI"],"hasRedirection":false,"hasBreadcrumb":false},"homeUrl":"https:\/\/forexrev.com\/pl\/","objectID":9102,"objectType":"post","locale":"pl","localeFull":"pl_PL","overlayImages":{"play":{"name":"Ikona PLAY","url":"https:\/\/forexrev.com\/wp-content\/plugins\/seo-by-rank-math\/assets\/admin\/img\/icon-play.png","path":"\/home\/klient.dhosting.pl\/revgroup\/forexrev.com\/new\/public_html\/wp-content\/plugins\/seo-by-rank-math\/assets\/admin\/img\/icon-play.png","position":"middle_center"},"gif":{"name":"Ikona GIF","url":"https:\/\/forexrev.com\/wp-content\/plugins\/seo-by-rank-math\/assets\/admin\/img\/icon-gif.png","path":"\/home\/klient.dhosting.pl\/revgroup\/forexrev.com\/new\/public_html\/wp-content\/plugins\/seo-by-rank-math\/assets\/admin\/img\/icon-gif.png","position":"middle_center"}},"defautOgImage":"https:\/\/forexrev.com\/wp-content\/plugins\/seo-by-rank-math\/assets\/admin\/img\/social-placeholder.jpg","customPermalinks":true,"isUserRegistered":true,"autoSuggestKeywords":true,"connectSiteUrl":"https:\/\/rankmath.com\/auth?site=https%3A%2F%2Fforexrev.com%2Fpl%2F&r=https%3A%2F%2Fforexrev.com%2Fpl%2Fwp-json%2Fwp%2Fv2%2Fpages%2F9102%3Fnonce%3Db3e6e5bced","maxTags":5,"trendsIcon":"<svg viewBox=\"0 0 610 610\"><path d=\"M18.85,446,174.32,290.48l58.08,58.08L76.93,504a14.54,14.54,0,0,1-20.55,0L18.83,466.48a14.54,14.54,0,0,1,0-20.55Z\" style=\"fill:#4285f4\"\/><path d=\"M242.65,242.66,377.59,377.6l-47.75,47.75a14.54,14.54,0,0,1-20.55,0L174.37,290.43l47.75-47.75A14.52,14.52,0,0,1,242.65,242.66Z\" style=\"fill:#ea4335\"\/><polygon points=\"319.53 319.53 479.26 159.8 537.34 217.88 377.61 377.62 319.53 319.53\" style=\"fill:#fabb05\"\/><path d=\"M594.26,262.73V118.61h0a16.94,16.94,0,0,0-16.94-16.94H433.2a16.94,16.94,0,0,0-12,28.92L565.34,274.71h0a16.94,16.94,0,0,0,28.92-12Z\" style=\"fill:#34a853\"\/><rect width=\"610\" height=\"610\" style=\"fill:none\"\/><\/svg>","showScore":true,"siteFavIcon":"data:image\/png;base64,iVBORw0KGgoAAAANSUhEUgAAABAAAAAQCAYAAAAf8\/9hAAABs0lEQVR4AWL4\/\/8\/RRjO8Iucx+noO0MWUDo16FYABMGP6ZfUcRnWtm27jVPbtm3bttuH2t3eFPcY9pLz7NxiLjCyVd87pKnHyqXyxtCs8APd0rnyxiu4qSeA3QEDrAwBDrT1s1Rc\/OrjLZwqVmOSu6+Lamcpp2KKMA9PH1BYXMe1mUP5qotvXTywsOEEYHXxrY+3cqk6TMkYpNr2FeoY3KIr0RPtn9wQ2unlA+GMkRw6+9TFw4YTwDUzx\/JVvARj9KaedXRO8P5B1Du2S32smzqUrcKGEyA+uAgQjKX7zf0boWHGfn71jIKj2689gxp7OAGShNcBUmLMPVjZuiKcA2vuWHHDCQxMCz629kXAIU4ApY15QwggAFbfOP9DhgBJ+nWVJ1AZAfICAj1pAlY6hCADZnveQf7bQIwzVONGJonhLIlS9gr5mFg44Xd+4S3XHoGNPdJl1INIwKyEgHckEhgTe1bGiFY9GSFBYUwLh1IkiJUbY407E7syBSFxKTszEoiE\/YdrgCEayDmtaJwCI9uu8TKMuZSVfSa4BpGgzvomBR\/INhLGzrqDotp01ZR8pn\/1L0JN9d9XNyx0AAAAAElFTkSuQmCC","canUser":{"general":false,"advanced":false,"snippet":false,"social":false,"analysis":false,"analytics":false,"content_ai":false},"showKeywordIntent":true,"isPro":false,"is_front_page":false,"trendsUpgradeLink":"https:\/\/rankmath.com\/pricing\/?utm_source=Plugin&utm_medium=CE%20General%20Tab%20Trends&utm_campaign=WP","trendsUpgradeLabel":"Ulepszenie","trendsPreviewImage":"https:\/\/forexrev.com\/wp-content\/plugins\/seo-by-rank-math\/assets\/admin\/img\/trends-preview.jpg","currentEditor":false,"homepageData":{"assessor":{"powerWords":[],"diacritics":true,"researchesTests":["contentHasTOC","contentHasShortParagraphs","contentHasAssets","keywordInTitle","keywordInMetaDescription","keywordInPermalink","keywordIn10Percent","keywordInContent","keywordInSubheadings","keywordInImageAlt","keywordDensity","keywordNotUsed","lengthContent","lengthPermalink","linksHasInternal","linksHasExternals","linksNotAllExternals","titleStartWithKeyword","titleSentiment","titleHasPowerWords","titleHasNumber","hasContentAI"],"hasBreadcrumb":false,"serpData":{"title":"Forex - Opinie o brokerach CFD","description":"Opinie i informacje na temat broker\u00f3w Forex \/ CFD. Dane, statystki, opinie, forum, oceny. Wszystko co musisz wiedzie\u0107 na temat broker\u00f3w.","titleTemplate":"%sitename% %page% %sep% %sitedesc%","descriptionTemplate":"","focusKeywords":"","breadcrumbTitle":"Home","robots":{"index":true},"advancedRobots":{"max-snippet":"-1","max-video-preview":"-1","max-image-preview":"large"},"facebookTitle":"","facebookDescription":"","facebookImage":"","facebookImageID":""}}}},"_links":{"self":[{"href":"https:\/\/forexrev.com\/pl\/wp-json\/wp\/v2\/pages\/9102","targetHints":{"allow":["GET"]}}],"collection":[{"href":"https:\/\/forexrev.com\/pl\/wp-json\/wp\/v2\/pages"}],"about":[{"href":"https:\/\/forexrev.com\/pl\/wp-json\/wp\/v2\/types\/page"}],"author":[{"embeddable":true,"href":"https:\/\/forexrev.com\/pl\/wp-json\/wp\/v2\/users\/1"}],"replies":[{"embeddable":true,"href":"https:\/\/forexrev.com\/pl\/wp-json\/wp\/v2\/comments?post=9102"}],"version-history":[{"count":5,"href":"https:\/\/forexrev.com\/pl\/wp-json\/wp\/v2\/pages\/9102\/revisions"}],"predecessor-version":[{"id":9137,"href":"https:\/\/forexrev.com\/pl\/wp-json\/wp\/v2\/pages\/9102\/revisions\/9137"}],"wp:attachment":[{"href":"https:\/\/forexrev.com\/pl\/wp-json\/wp\/v2\/media?parent=9102"}],"curies":[{"name":"wp","href":"https:\/\/api.w.org\/{rel}","templated":true}]}}